{"id":80,"date":"2020-07-10T08:54:52","date_gmt":"2020-07-10T06:54:52","guid":{"rendered":"http:\/\/nicanordeelia.com\/?page_id=80"},"modified":"2020-12-08T12:08:46","modified_gmt":"2020-12-08T11:08:46","slug":"home","status":"publish","type":"page","link":"https:\/\/nicanordeelia.com\/es\/","title":{"rendered":"Home"},"content":{"rendered":"\n<div class=\"wp-block-group\"><div class=\"wp-block-group__inner-container is-layout-flow wp-block-group-is-layout-flow\"><style type=\"text\/css\">.easingslider-5107 { max-width: 800px; }.easingslider-5107 .easingslider-image { max-height: 500px; max-width: 800px; }.easingslider-5107 .easingslider-fade-in, .easingslider-fade-out { -webkit-animation-duration: 800ms; -moz-animation-duration: 800ms; animation-duration: 800ms; }<\/style><script type=\"text\/javascript\">window.EasingSlider5107 = {\"width\":800,\"height\":500,\"singleItem\":true,\"items\":1,\"itemsDesktop\":false,\"itemsDesktopSmall\":false,\"itemsTablet\":false,\"itemsTabletSmall\":false,\"itemsMobile\":false,\"responsive\":true,\"lazyLoad\":true,\"autoPlay\":2000,\"slideSpeed\":800,\"navigation\":false,\"navigationText\":[\"\",\"\"],\"pagination\":false,\"autoHeight\":false,\"mouseDrag\":false,\"touchDrag\":false,\"addClassActive\":true,\"transitionStyle\":\"fade\"};<\/script><div data-id=\"5107\" class=\"easingslider easingslider-5107 easingslider-container easingslider-aspect-ratio\"><div class=\"easingslider-slide\"><img decoding=\"async\" src=\"https:\/\/nicanordeelia.com\/wp-content\/plugins\/easing-slider\/assets\/images\/placeholder-pixel.png\" data-src=\"https:\/\/nicanordeelia.com\/wp-content\/uploads\/2020\/11\/Juventud1.jpg\" alt=\"\" title=\"\" class=\"easingslider-image easingslider-lazy\" \/><\/div><div class=\"easingslider-slide\"><img decoding=\"async\" src=\"https:\/\/nicanordeelia.com\/wp-content\/plugins\/easing-slider\/assets\/images\/placeholder-pixel.png\" data-src=\"https:\/\/nicanordeelia.com\/wp-content\/uploads\/2024\/02\/07-c-Frank-Emmers-scaled.jpg\" alt=\"\" title=\"\" class=\"easingslider-image easingslider-lazy\" \/><\/div><div class=\"easingslider-slide\"><img decoding=\"async\" src=\"https:\/\/nicanordeelia.com\/wp-content\/plugins\/easing-slider\/assets\/images\/placeholder-pixel.png\" data-src=\"https:\/\/nicanordeelia.com\/wp-content\/uploads\/2023\/12\/COPYLEFT_JonaHarnischmacherCircusbende-equipe2-scaled.jpg\" alt=\"\" title=\"\" class=\"easingslider-image easingslider-lazy\" \/><\/div><div class=\"easingslider-slide\"><img decoding=\"async\" src=\"https:\/\/nicanordeelia.com\/wp-content\/plugins\/easing-slider\/assets\/images\/placeholder-pixel.png\" data-src=\"https:\/\/nicanordeelia.com\/wp-content\/uploads\/2020\/11\/Juventud6.jpg\" alt=\"\" title=\"\" class=\"easingslider-image easingslider-lazy\" \/><\/div><div class=\"easingslider-slide\"><img decoding=\"async\" src=\"https:\/\/nicanordeelia.com\/wp-content\/plugins\/easing-slider\/assets\/images\/placeholder-pixel.png\" data-src=\"https:\/\/nicanordeelia.com\/wp-content\/uploads\/2020\/11\/20200724_MIT_20_16a_copyleft.jpg\" alt=\"\" title=\"\" class=\"easingslider-image easingslider-lazy\" \/><\/div><div class=\"easingslider-slide\"><img decoding=\"async\" src=\"https:\/\/nicanordeelia.com\/wp-content\/plugins\/easing-slider\/assets\/images\/placeholder-pixel.png\" data-src=\"https:\/\/nicanordeelia.com\/wp-content\/uploads\/2024\/02\/13-c-Frank-Emmers-scaled.jpg\" alt=\"\" title=\"\" class=\"easingslider-image easingslider-lazy\" \/><\/div><div class=\"easingslider-slide\"><img decoding=\"async\" src=\"https:\/\/nicanordeelia.com\/wp-content\/plugins\/easing-slider\/assets\/images\/placeholder-pixel.png\" data-src=\"https:\/\/nicanordeelia.com\/wp-content\/uploads\/2020\/11\/BelHorizon4.jpg\" alt=\"\" title=\"\" class=\"easingslider-image easingslider-lazy\" \/><\/div><div class=\"easingslider-slide\"><img decoding=\"async\" src=\"https:\/\/nicanordeelia.com\/wp-content\/plugins\/easing-slider\/assets\/images\/placeholder-pixel.png\" data-src=\"https:\/\/nicanordeelia.com\/wp-content\/uploads\/2020\/11\/Juventud2.jpg\" alt=\"\" title=\"\" class=\"easingslider-image easingslider-lazy\" \/><\/div><div class=\"easingslider-slide\"><img decoding=\"async\" src=\"https:\/\/nicanordeelia.com\/wp-content\/plugins\/easing-slider\/assets\/images\/placeholder-pixel.png\" data-src=\"https:\/\/nicanordeelia.com\/wp-content\/uploads\/2020\/11\/20200724_MIT_20_20_copyleft.jpg\" alt=\"\" title=\"\" class=\"easingslider-image easingslider-lazy\" \/><\/div><div class=\"easingslider-slide\"><img decoding=\"async\" src=\"https:\/\/nicanordeelia.com\/wp-content\/plugins\/easing-slider\/assets\/images\/placeholder-pixel.png\" data-src=\"https:\/\/nicanordeelia.com\/wp-content\/uploads\/2024\/02\/11-c-Frank-Emmers-scaled.jpg\" alt=\"\" title=\"\" class=\"easingslider-image easingslider-lazy\" \/><\/div><div class=\"easingslider-slide\"><img decoding=\"async\" src=\"https:\/\/nicanordeelia.com\/wp-content\/plugins\/easing-slider\/assets\/images\/placeholder-pixel.png\" data-src=\"https:\/\/nicanordeelia.com\/wp-content\/uploads\/2020\/11\/20200724_MIT_20_17_copyleft.jpg\" alt=\"\" title=\"\" class=\"easingslider-image easingslider-lazy\" \/><\/div><div class=\"easingslider-slide\"><img decoding=\"async\" src=\"https:\/\/nicanordeelia.com\/wp-content\/plugins\/easing-slider\/assets\/images\/placeholder-pixel.png\" data-src=\"https:\/\/nicanordeelia.com\/wp-content\/uploads\/2020\/11\/BelHorizon2.jpg\" alt=\"\" title=\"\" class=\"easingslider-image easingslider-lazy\" \/><\/div><div class=\"easingslider-slide\"><img decoding=\"async\" src=\"https:\/\/nicanordeelia.com\/wp-content\/plugins\/easing-slider\/assets\/images\/placeholder-pixel.png\" data-src=\"https:\/\/nicanordeelia.com\/wp-content\/uploads\/2020\/11\/Juventud3.jpg\" alt=\"\" title=\"\" class=\"easingslider-image easingslider-lazy\" \/><\/div><div class=\"easingslider-slide\"><img decoding=\"async\" src=\"https:\/\/nicanordeelia.com\/wp-content\/plugins\/easing-slider\/assets\/images\/placeholder-pixel.png\" data-src=\"https:\/\/nicanordeelia.com\/wp-content\/uploads\/2023\/12\/03-EL-DORADO-Cie-NDE-Nicanor-de-Elia-c-Frank-Emmers-scaled.jpg\" alt=\"\" title=\"\" class=\"easingslider-image easingslider-lazy\" \/><\/div><div class=\"easingslider-slide\"><img decoding=\"async\" src=\"https:\/\/nicanordeelia.com\/wp-content\/plugins\/easing-slider\/assets\/images\/placeholder-pixel.png\" data-src=\"https:\/\/nicanordeelia.com\/wp-content\/uploads\/2020\/11\/20200724_MIT_20_27_copyleft.jpg\" alt=\"\" title=\"\" class=\"easingslider-image easingslider-lazy\" \/><\/div><div class=\"easingslider-slide\"><img decoding=\"async\" src=\"https:\/\/nicanordeelia.com\/wp-content\/plugins\/easing-slider\/assets\/images\/placeholder-pixel.png\" data-src=\"https:\/\/nicanordeelia.com\/wp-content\/uploads\/2020\/11\/BelHorizon7.jpg\" alt=\"\" title=\"\" class=\"easingslider-image easingslider-lazy\" \/><\/div><div class=\"easingslider-slide\"><img decoding=\"async\" src=\"https:\/\/nicanordeelia.com\/wp-content\/plugins\/easing-slider\/assets\/images\/placeholder-pixel.png\" data-src=\"https:\/\/nicanordeelia.com\/wp-content\/uploads\/2020\/11\/20200724_MIT_20_00_copyleft.jpg\" alt=\"\" title=\"\" class=\"easingslider-image easingslider-lazy\" \/><\/div><div class=\"easingslider-slide\"><img decoding=\"async\" src=\"https:\/\/nicanordeelia.com\/wp-content\/plugins\/easing-slider\/assets\/images\/placeholder-pixel.png\" data-src=\"https:\/\/nicanordeelia.com\/wp-content\/uploads\/2020\/11\/Juventud7.jpg\" alt=\"\" title=\"\" class=\"easingslider-image easingslider-lazy\" \/><\/div><div class=\"easingslider-slide\"><img decoding=\"async\" src=\"https:\/\/nicanordeelia.com\/wp-content\/plugins\/easing-slider\/assets\/images\/placeholder-pixel.png\" data-src=\"https:\/\/nicanordeelia.com\/wp-content\/uploads\/2020\/11\/20200724_MIT_20_23_copyleft.jpg\" alt=\"\" title=\"\" class=\"easingslider-image easingslider-lazy\" \/><\/div><div class=\"easingslider-slide\"><img decoding=\"async\" src=\"https:\/\/nicanordeelia.com\/wp-content\/plugins\/easing-slider\/assets\/images\/placeholder-pixel.png\" data-src=\"https:\/\/nicanordeelia.com\/wp-content\/uploads\/2020\/11\/Juventud5.jpg\" alt=\"\" title=\"\" class=\"easingslider-image easingslider-lazy\" \/><\/div><div class=\"easingslider-slide\"><img decoding=\"async\" src=\"https:\/\/nicanordeelia.com\/wp-content\/plugins\/easing-slider\/assets\/images\/placeholder-pixel.png\" data-src=\"https:\/\/nicanordeelia.com\/wp-content\/uploads\/2020\/11\/20200724_MIT_20_11_copyleft.jpg\" alt=\"\" title=\"\" class=\"easingslider-image easingslider-lazy\" \/><\/div><div class=\"easingslider-slide\"><img decoding=\"async\" src=\"https:\/\/nicanordeelia.com\/wp-content\/plugins\/easing-slider\/assets\/images\/placeholder-pixel.png\" data-src=\"https:\/\/nicanordeelia.com\/wp-content\/uploads\/2020\/11\/BelHorizon5.jpg\" alt=\"\" title=\"\" class=\"easingslider-image easingslider-lazy\" \/><\/div><div class=\"easingslider-slide\"><img decoding=\"async\" src=\"https:\/\/nicanordeelia.com\/wp-content\/plugins\/easing-slider\/assets\/images\/placeholder-pixel.png\" data-src=\"https:\/\/nicanordeelia.com\/wp-content\/uploads\/2020\/11\/20200724_MIT_20_08_copyleft.jpg\" alt=\"\" title=\"\" class=\"easingslider-image easingslider-lazy\" \/><\/div><div class=\"easingslider-slide\"><img decoding=\"async\" src=\"https:\/\/nicanordeelia.com\/wp-content\/plugins\/easing-slider\/assets\/images\/placeholder-pixel.png\" data-src=\"https:\/\/nicanordeelia.com\/wp-content\/uploads\/2020\/11\/Juventud4.jpg\" alt=\"\" title=\"\" class=\"easingslider-image easingslider-lazy\" \/><\/div><div class=\"easingslider-slide\"><img decoding=\"async\" src=\"https:\/\/nicanordeelia.com\/wp-content\/plugins\/easing-slider\/assets\/images\/placeholder-pixel.png\" data-src=\"https:\/\/nicanordeelia.com\/wp-content\/uploads\/2020\/11\/Cooperatzia4.jpg\" alt=\"\" title=\"\" class=\"easingslider-image easingslider-lazy\" \/><\/div><div class=\"easingslider-slide\"><img decoding=\"async\" src=\"https:\/\/nicanordeelia.com\/wp-content\/plugins\/easing-slider\/assets\/images\/placeholder-pixel.png\" data-src=\"https:\/\/nicanordeelia.com\/wp-content\/uploads\/2020\/11\/BelHorizon1.jpg\" alt=\"\" title=\"\" class=\"easingslider-image easingslider-lazy\" \/><\/div><div class=\"easingslider-slide\"><img decoding=\"async\" src=\"https:\/\/nicanordeelia.com\/wp-content\/plugins\/easing-slider\/assets\/images\/placeholder-pixel.png\" data-src=\"https:\/\/nicanordeelia.com\/wp-content\/uploads\/2020\/11\/20200724_MIT_20_17_copyleft2.jpg\" alt=\"\" title=\"\" class=\"easingslider-image easingslider-lazy\" \/><\/div><div class=\"easingslider-slide\"><img decoding=\"async\" src=\"https:\/\/nicanordeelia.com\/wp-content\/plugins\/easing-slider\/assets\/images\/placeholder-pixel.png\" data-src=\"https:\/\/nicanordeelia.com\/wp-content\/uploads\/2024\/02\/08-c-Frank-Emmers-scaled.jpg\" alt=\"\" title=\"\" class=\"easingslider-image easingslider-lazy\" \/><\/div><div class=\"easingslider-slide\"><img decoding=\"async\" src=\"https:\/\/nicanordeelia.com\/wp-content\/plugins\/easing-slider\/assets\/images\/placeholder-pixel.png\" data-src=\"https:\/\/nicanordeelia.com\/wp-content\/uploads\/2024\/02\/09-c-Frank-Emmers-scaled.jpg\" alt=\"\" title=\"\" class=\"easingslider-image easingslider-lazy\" \/><\/div><div class=\"easingslider-slide\"><img decoding=\"async\" src=\"https:\/\/nicanordeelia.com\/wp-content\/plugins\/easing-slider\/assets\/images\/placeholder-pixel.png\" data-src=\"https:\/\/nicanordeelia.com\/wp-content\/uploads\/2023\/12\/53167897751_5031a5e8a3_o-scaled.jpg\" alt=\"\" title=\"\" class=\"easingslider-image easingslider-lazy\" \/><\/div><div class=\"easingslider-slide\"><img decoding=\"async\" src=\"https:\/\/nicanordeelia.com\/wp-content\/plugins\/easing-slider\/assets\/images\/placeholder-pixel.png\" data-src=\"https:\/\/nicanordeelia.com\/wp-content\/uploads\/2023\/12\/53284599693_250b6415f9_o-scaled.jpg\" alt=\"\" title=\"\" class=\"easingslider-image easingslider-lazy\" \/><\/div><div class=\"easingslider-slide\"><img decoding=\"async\" src=\"https:\/\/nicanordeelia.com\/wp-content\/plugins\/easing-slider\/assets\/images\/placeholder-pixel.png\" data-src=\"https:\/\/nicanordeelia.com\/wp-content\/uploads\/2023\/12\/53168387193_1bc75b272e_o-scaled.jpg\" alt=\"\" title=\"\" class=\"easingslider-image easingslider-lazy\" \/><\/div><\/div>\n\n\n\n<div style=\"height:40px\" aria-hidden=\"true\" class=\"wp-block-spacer\"><\/div>\n\n\n\n<p class=\"texte-home\"><strong>Nicanor de Elia<\/strong>,\u00a0jongleur, danseur, chor\u00e9graphe, p\u00e9dagogue et metteur en sc\u00e8ne\u00a0porte son travail sur l\u2019ouverture des espaces \u00e9motionnels, le partage avec le public, questionne les formes th\u00e9\u00e2trales, esth\u00e9tiques et spatiales de jeu. <\/p>\n\n\n\n<p class=\"texte-home\">Soucieux d\u2019innovation, il sort volontiers des sentiers battus afin de d\u00e9velopper un nouveau langage transversal, o\u00f9 les multiples formes du cirque actuel se projettent vers le futur.<\/p>\n\n\n\n<p class=\"texte-home\">Avec sa compagnie <a href=\"http:\/\/nicanordeelia.com\/cie-nicanor-de-elia\/\">NDE<\/a>, il cr\u00e9e des spectacles \u00e0\u00a0la lisi\u00e8re\u00a0de la danse et du jonglage, avec le <a rel=\"noreferrer noopener\" href=\"http:\/\/bistaki.com\" target=\"_blank\">G.Bistaki<\/a> il questionne l\u2019espace de jeu et la manipulation d\u2019objets et ouvre des espaces de laboratoires artistiques et de recherches avec le <a rel=\"noreferrer noopener\" href=\"http:\/\/www.garage29-offestival.be\/web\/\" data-type=\"URL\" data-id=\"http:\/\/www.garage29-offestival.be\/web\/\" target=\"_blank\">Garage29<\/a>.<\/p>\n\n\n\n<p class=\"texte-home\">Nicanor va \u00e0\u00a0la rencontre des \u00e9coles de cirque d\u2019Europe et d\u2019autres compagnies pour partager son exp\u00e9rience\u00a0avec de nouvelles g\u00e9n\u00e9rations. C\u2019est ainsi qu\u2019il collabore entre autres avec l\u2019<a rel=\"noreferrer noopener\" href=\"http:\/\/circolido.fr\/association-de-prefiguration-de-lecole-superieure-des-arts-du-cirque-de-toulouse-occitanie\/\" target=\"_blank\">ESACTO-LIDO<\/a> en France, l\u2019<a rel=\"noreferrer noopener\" href=\"http:\/\/esac.be\/fr\/\" target=\"_blank\">ESAC<\/a> \u00e0 Bruxelles et <a rel=\"noreferrer noopener\" href=\"https:\/\/www.codarts.nl\" target=\"_blank\">CODARTS<\/a> aux Pays-Bas.<\/p>\n\n\n\n<div style=\"height:22px\" aria-hidden=\"true\" class=\"wp-block-spacer\"><\/div>\n\n\n\n<hr class=\"wp-block-separator\"\/>\n\n\n\n<div style=\"height:22px\" aria-hidden=\"true\" class=\"wp-block-spacer\"><\/div>\n\n\n\n<figure class=\"wp-block-gallery aligncenter columns-0  Nicanor-portrait wp-block-gallery-1 is-layout-flex wp-block-gallery-is-layout-flex\"><ul class=\"blocks-gallery-grid\"><\/ul><\/figure>\n<\/div><\/div>\n\n\n\n<div class=\"wp-block-group\"><div class=\"wp-block-group__inner-container is-layout-flow wp-block-group-is-layout-flow\">\n<p><\/p>\n<\/div><\/div>\n\n\n\n<div style=\"height:100px\" aria-hidden=\"true\" class=\"wp-block-spacer\"><\/div>\n","protected":false},"excerpt":{"rendered":"<p>Nicanor de Elia,\u00a0jongleur, danseur, chor\u00e9graphe, p\u00e9dagogue et metteur en sc\u00e8ne\u00a0porte son travail sur l\u2019ouverture des espaces \u00e9motionnels, le partage avec le public, questionne les formes th\u00e9\u00e2trales, esth\u00e9tiques et spatiales de jeu. Soucieux d\u2019innovation, il sort volontiers des sentiers battus afin de d\u00e9velopper un nouveau langage transversal, o\u00f9 les multiples formes du cirque actuel se projettent [&hellip;]<\/p>\n","protected":false},"author":1,"featured_media":0,"parent":0,"menu_order":0,"comment_status":"closed","ping_status":"closed","template":"","meta":{"footnotes":""},"class_list":["post-80","page","type-page","status-publish","hentry"],"_links":{"self":[{"href":"https:\/\/nicanordeelia.com\/es\/wp-json\/wp\/v2\/pages\/80","targetHints":{"allow":["GET"]}}],"collection":[{"href":"https:\/\/nicanordeelia.com\/es\/wp-json\/wp\/v2\/pages"}],"about":[{"href":"https:\/\/nicanordeelia.com\/es\/wp-json\/wp\/v2\/types\/page"}],"author":[{"embeddable":true,"href":"https:\/\/nicanordeelia.com\/es\/wp-json\/wp\/v2\/users\/1"}],"replies":[{"embeddable":true,"href":"https:\/\/nicanordeelia.com\/es\/wp-json\/wp\/v2\/comments?post=80"}],"version-history":[{"count":99,"href":"https:\/\/nicanordeelia.com\/es\/wp-json\/wp\/v2\/pages\/80\/revisions"}],"predecessor-version":[{"id":7346,"href":"https:\/\/nicanordeelia.com\/es\/wp-json\/wp\/v2\/pages\/80\/revisions\/7346"}],"wp:attachment":[{"href":"https:\/\/nicanordeelia.com\/es\/wp-json\/wp\/v2\/media?parent=80"}],"curies":[{"name":"wp","href":"https:\/\/api.w.org\/{rel}","templated":true}]}}