{"id":67237,"date":"2022-07-29T13:52:29","date_gmt":"2022-07-29T11:52:29","guid":{"rendered":"https:\/\/nicanordeelia.com\/?page_id=67237"},"modified":"2026-04-15T14:28:11","modified_gmt":"2026-04-15T12:28:11","slug":"el-dorado-creation-2024-2025","status":"publish","type":"page","link":"https:\/\/nicanordeelia.com\/es\/cie-nicanor-de-elia\/el-dorado-creation-2024-2025\/","title":{"rendered":"El Dorado"},"content":{"rendered":"\n<p><strong>Cr\u00e9ation d\u00e9cembre 2024 spectacle en salle<\/strong><\/p>\n\n\n\n<p>\u00abEt si, \u00e0 la place des massues, nous prenions nos bras comme objets de jonglage ?\u00bb \u00abPeut-on faire du jonglage sans objets?\u00bb<br>Dans El Dorado il n\u2019y a plus de massues mais des bras, des poings, des t\u00eates et des jambes. Nous jonglons avec nos corps et nos corps jonglent avec nous. Nous nous trouvons dans une f\u00eate minimaliste et hybride o\u00f9 les codes du cirque et de la danse<br>s\u2019entrem\u00ealent. L\u2019\u00e9criture chor\u00e9graphique nait du jonglage, l\u2019expression corporelle est acrobatique et la dramaturgie est un voyage qui va du corps objet au corps sujet. EL Dorado est un spectacle de cirque et de danse une qu\u00eate physique dor\u00e9e pour faire UN avec le monde et les autres.<\/p>\n\n\n\n<p>Pr\u00e9sentation de la compagnie<br>Cr\u00e9\u00e9e et port\u00e9e par Nicanor de Elia, la Cie NDE a vu le jour \u00e0 Bruxelles en 2015 et s\u2019est install\u00e9e \u00e0 Toulouse depuis. La recherche de la compagnie est ax\u00e9e sur l\u2019expression du corps \u00e0<br>travers la manipulation d\u2019objets, la danse contemporaine, les arts plastiques et la vid\u00e9o. Ces diverses influences sont en dialogue constant et les bords s\u2019effacent afin que le cirque, la danse<br>et les arts plastiques cohabitent. La Cie NDE c\u2019est trois spectacles en tourn\u00e9e : Copyleft, spectacle de jonglage dans\u00e9 pour l\u2019espace public (cr\u00e9ation 2019), Juventud, Manifeste jongl\u00e9, pour la salle (cr\u00e9ation 2021) et El Dorado, cr\u00e9ation d\u00e9cembre 24 pour la salle.<\/p>\n\n\n\n<h2 class=\"wp-block-heading titre2\">Vid\u00e9os<\/h2>\n\n\n\n<p><strong>EL DORADO<\/strong> salle<\/p>\n\n\n\n<div class=\"wp-block-columns videos-block is-layout-flex wp-container-core-columns-is-layout-9d6595d7 wp-block-columns-is-layout-flex\">\n<div class=\"wp-block-column is-layout-flow wp-block-column-is-layout-flow\">\n<figure class=\"wp-block-embed is-type-video is-provider-youtube wp-block-embed-youtube wp-embed-aspect-16-9 wp-has-aspect-ratio\"><div class=\"wp-block-embed__wrapper\">\n<iframe loading=\"lazy\" title=\"EL DORADO - teaser 2025 - Cie NDE Nicanor de Elia\" width=\"900\" height=\"506\" src=\"https:\/\/www.youtube.com\/embed\/QElveiYFQMg?feature=oembed\" frameborder=\"0\" allow=\"accelerometer; autoplay; clipboard-write; encrypted-media; gyroscope; picture-in-picture; web-share\" referrerpolicy=\"strict-origin-when-cross-origin\" allowfullscreen><\/iframe>\n<\/div><\/figure>\n<\/div>\n\n\n\n<div class=\"wp-block-column is-layout-flow wp-block-column-is-layout-flow\"><\/div>\n<\/div>\n\n\n\n<p><strong>EL DORADO<\/strong> espace public<\/p>\n\n\n\n<div class=\"wp-block-columns videos-block is-layout-flex wp-container-core-columns-is-layout-9d6595d7 wp-block-columns-is-layout-flex\">\n<div class=\"wp-block-column is-layout-flow wp-block-column-is-layout-flow\"><\/div>\n\n\n\n<div class=\"wp-block-column is-layout-flow wp-block-column-is-layout-flow\">\n<figure class=\"wp-block-embed is-type-video is-provider-youtube wp-block-embed-youtube wp-embed-aspect-16-9 wp-has-aspect-ratio\"><div class=\"wp-block-embed__wrapper\">\n<iframe loading=\"lazy\" title=\"EL DORADO-teaser 2024-Cie NDE Nicanor De Elia\" width=\"900\" height=\"506\" src=\"https:\/\/www.youtube.com\/embed\/_KKRUEUSrGU?feature=oembed\" frameborder=\"0\" allow=\"accelerometer; autoplay; clipboard-write; encrypted-media; gyroscope; picture-in-picture; web-share\" referrerpolicy=\"strict-origin-when-cross-origin\" allowfullscreen><\/iframe>\n<\/div><\/figure>\n\n\n\n<p><\/p>\n<\/div>\n<\/div>\n\n\n\n\n\n<div class=\"wp-block-file\"><\/div>\n\n\n\n<h2 class=\"wp-block-heading titre2\"><a href=\"https:\/\/nicanordeelia.com\/agenda\/\" data-type=\"link\" data-id=\"https:\/\/nicanordeelia.com\/agenda\/\">Agenda <\/a><\/h2>\n\n\n\n<div class=\"wp-block-columns videos-block is-layout-flex wp-container-core-columns-is-layout-9d6595d7 wp-block-columns-is-layout-flex\">\n<div class=\"wp-block-column is-layout-flow wp-block-column-is-layout-flow\"><\/div>\n\n\n\n<div class=\"wp-block-column is-layout-flow wp-block-column-is-layout-flow\">\n<p><\/p>\n<\/div>\n<\/div>\n\n\n\n<h2 class=\"wp-block-heading titre2\">Photos<\/h2>\n\n\n\n<figure class=\"wp-block-gallery has-nested-images columns-3 wp-block-gallery-1 is-layout-flex wp-block-gallery-is-layout-flex\">\n<figure class=\"wp-block-image size-large\"><img loading=\"lazy\" decoding=\"async\" width=\"1115\" height=\"743\" data-id=\"188170\" src=\"https:\/\/nicanordeelia.com\/wp-content\/uploads\/2024\/02\/11-c-Frank-Emmers-1-1115x743.jpg\" alt=\"\" class=\"wp-image-188170\" srcset=\"https:\/\/nicanordeelia.com\/wp-content\/uploads\/2024\/02\/11-c-Frank-Emmers-1-1115x743.jpg 1115w, https:\/\/nicanordeelia.com\/wp-content\/uploads\/2024\/02\/11-c-Frank-Emmers-1-300x200.jpg 300w, https:\/\/nicanordeelia.com\/wp-content\/uploads\/2024\/02\/11-c-Frank-Emmers-1-768x512.jpg 768w, https:\/\/nicanordeelia.com\/wp-content\/uploads\/2024\/02\/11-c-Frank-Emmers-1-1536x1024.jpg 1536w, https:\/\/nicanordeelia.com\/wp-content\/uploads\/2024\/02\/11-c-Frank-Emmers-1-2048x1365.jpg 2048w\" sizes=\"auto, (max-width: 1115px) 100vw, 1115px\" \/><\/figure>\n\n\n\n<figure class=\"wp-block-image size-large\"><img loading=\"lazy\" decoding=\"async\" width=\"1115\" height=\"743\" data-id=\"165918\" src=\"http:\/\/nicanordeelia.com\/wp-content\/uploads\/2023\/12\/01-EL-DORADO-Cie-NDE-Nicanor-de-Elia-c-Frank-Emmers-1115x743.jpg\" alt=\"\" class=\"wp-image-165918\" srcset=\"https:\/\/nicanordeelia.com\/wp-content\/uploads\/2023\/12\/01-EL-DORADO-Cie-NDE-Nicanor-de-Elia-c-Frank-Emmers-1115x743.jpg 1115w, https:\/\/nicanordeelia.com\/wp-content\/uploads\/2023\/12\/01-EL-DORADO-Cie-NDE-Nicanor-de-Elia-c-Frank-Emmers-300x200.jpg 300w, https:\/\/nicanordeelia.com\/wp-content\/uploads\/2023\/12\/01-EL-DORADO-Cie-NDE-Nicanor-de-Elia-c-Frank-Emmers-768x512.jpg 768w, https:\/\/nicanordeelia.com\/wp-content\/uploads\/2023\/12\/01-EL-DORADO-Cie-NDE-Nicanor-de-Elia-c-Frank-Emmers-1536x1024.jpg 1536w, https:\/\/nicanordeelia.com\/wp-content\/uploads\/2023\/12\/01-EL-DORADO-Cie-NDE-Nicanor-de-Elia-c-Frank-Emmers-2048x1365.jpg 2048w\" sizes=\"auto, (max-width: 1115px) 100vw, 1115px\" \/><\/figure>\n\n\n\n<figure class=\"wp-block-image size-large\"><img loading=\"lazy\" decoding=\"async\" width=\"1115\" height=\"743\" data-id=\"188162\" src=\"https:\/\/nicanordeelia.com\/wp-content\/uploads\/2024\/02\/09-c-Frank-Emmers-1115x743.jpg\" alt=\"\" class=\"wp-image-188162\" srcset=\"https:\/\/nicanordeelia.com\/wp-content\/uploads\/2024\/02\/09-c-Frank-Emmers-1115x743.jpg 1115w, https:\/\/nicanordeelia.com\/wp-content\/uploads\/2024\/02\/09-c-Frank-Emmers-300x200.jpg 300w, https:\/\/nicanordeelia.com\/wp-content\/uploads\/2024\/02\/09-c-Frank-Emmers-768x512.jpg 768w, https:\/\/nicanordeelia.com\/wp-content\/uploads\/2024\/02\/09-c-Frank-Emmers-1536x1024.jpg 1536w, https:\/\/nicanordeelia.com\/wp-content\/uploads\/2024\/02\/09-c-Frank-Emmers-2048x1365.jpg 2048w\" sizes=\"auto, (max-width: 1115px) 100vw, 1115px\" \/><\/figure>\n\n\n\n<figure class=\"wp-block-image size-large\"><img loading=\"lazy\" decoding=\"async\" width=\"1115\" height=\"743\" data-id=\"188183\" src=\"https:\/\/nicanordeelia.com\/wp-content\/uploads\/2024\/02\/07-c-Frank-Emmers-1-1115x743.jpg\" alt=\"\" class=\"wp-image-188183\" srcset=\"https:\/\/nicanordeelia.com\/wp-content\/uploads\/2024\/02\/07-c-Frank-Emmers-1-1115x743.jpg 1115w, https:\/\/nicanordeelia.com\/wp-content\/uploads\/2024\/02\/07-c-Frank-Emmers-1-300x200.jpg 300w, https:\/\/nicanordeelia.com\/wp-content\/uploads\/2024\/02\/07-c-Frank-Emmers-1-768x512.jpg 768w, https:\/\/nicanordeelia.com\/wp-content\/uploads\/2024\/02\/07-c-Frank-Emmers-1-1536x1024.jpg 1536w, https:\/\/nicanordeelia.com\/wp-content\/uploads\/2024\/02\/07-c-Frank-Emmers-1-2048x1365.jpg 2048w\" sizes=\"auto, (max-width: 1115px) 100vw, 1115px\" \/><\/figure>\n\n\n\n<figure class=\"wp-block-image size-large\"><img loading=\"lazy\" decoding=\"async\" width=\"1115\" height=\"743\" data-id=\"188184\" src=\"https:\/\/nicanordeelia.com\/wp-content\/uploads\/2024\/02\/12-c-Frank-Emmers-1115x743.jpg\" alt=\"\" class=\"wp-image-188184\" srcset=\"https:\/\/nicanordeelia.com\/wp-content\/uploads\/2024\/02\/12-c-Frank-Emmers-1115x743.jpg 1115w, https:\/\/nicanordeelia.com\/wp-content\/uploads\/2024\/02\/12-c-Frank-Emmers-300x200.jpg 300w, https:\/\/nicanordeelia.com\/wp-content\/uploads\/2024\/02\/12-c-Frank-Emmers-768x512.jpg 768w, https:\/\/nicanordeelia.com\/wp-content\/uploads\/2024\/02\/12-c-Frank-Emmers-1536x1024.jpg 1536w, https:\/\/nicanordeelia.com\/wp-content\/uploads\/2024\/02\/12-c-Frank-Emmers-2048x1365.jpg 2048w\" sizes=\"auto, (max-width: 1115px) 100vw, 1115px\" \/><\/figure>\n\n\n\n<figure class=\"wp-block-image size-large\"><img loading=\"lazy\" decoding=\"async\" width=\"1115\" height=\"743\" data-id=\"188185\" src=\"https:\/\/nicanordeelia.com\/wp-content\/uploads\/2024\/02\/08-c-Frank-Emmers-1-1115x743.jpg\" alt=\"\" class=\"wp-image-188185\" srcset=\"https:\/\/nicanordeelia.com\/wp-content\/uploads\/2024\/02\/08-c-Frank-Emmers-1-1115x743.jpg 1115w, https:\/\/nicanordeelia.com\/wp-content\/uploads\/2024\/02\/08-c-Frank-Emmers-1-300x200.jpg 300w, https:\/\/nicanordeelia.com\/wp-content\/uploads\/2024\/02\/08-c-Frank-Emmers-1-768x512.jpg 768w, https:\/\/nicanordeelia.com\/wp-content\/uploads\/2024\/02\/08-c-Frank-Emmers-1-1536x1024.jpg 1536w, https:\/\/nicanordeelia.com\/wp-content\/uploads\/2024\/02\/08-c-Frank-Emmers-1-2048x1365.jpg 2048w\" sizes=\"auto, (max-width: 1115px) 100vw, 1115px\" \/><\/figure>\n<\/figure>\n\n\n\n<h2 class=\"wp-block-heading titre2\">Distribution<\/h2>\n\n\n\n<p><strong>Chor\u00e9graphe \/ metteur en sc\u00e8ne :<\/strong> Nicanor de Elia<\/p>\n\n\n\n<p><strong>Artistes :<\/strong> Zuska Drobna, Mo\u00efse Luneau, Maximo Pastor, Tim Vallat, Tiare Salgado, Anna Martinelli<\/p>\n\n\n\n<p><strong>Cr\u00e9ation sonore :<\/strong> Giovanni di Domenico<\/p>\n\n\n\n<p><strong>Artiste vid\u00e9aste :<\/strong> Guillaume Bautista<\/p>\n\n\n\n<p><strong>Cr\u00e9ation lumi\u00e8re :<\/strong> Nicolas Zuraw et Hugo Oudin<\/p>\n\n\n\n<p><strong>Cr\u00e9ation costumes&nbsp;:<\/strong> Sari Brunel<\/p>\n\n\n\n<p><strong>Administration:<\/strong> Luz Fernandez \/ Le Chalumeau<\/p>\n\n\n\n<p><strong>Diffusion&nbsp;:<\/strong> Eva de Ayguavives<\/p>\n\n\n\n<h2 class=\"wp-block-heading titre2\">Partenaires<\/h2>\n\n\n\n<p>Une production <strong>Le Chalumeau<\/strong><\/p>\n\n\n\n<p><strong>Coproductions<\/strong><br><strong>Circuswerkplaats<\/strong> Dommelhof &#8211; Neerpelt (BE),&nbsp;<strong>ARCHAOS<\/strong> &#8211; P\u00f4le National Cirque,<strong> La Maison des Jonglages<\/strong> &#8211; Sc\u00e8ne Conventionn\u00e9e , <strong>La Verrerie<\/strong> \u2013 P\u00f4le National Cirque Occitanie GIE FONDOC, <strong>Teatrul Municipal Baia Mare<\/strong> (RO), <strong>Le<\/strong> <strong>Sc\u00e9nOgraph<\/strong> SCIN Art &#038; Cr\u00e9ation \/ Art en Territoire, <strong>La Batoude<\/strong> &#8211; Centre des Arts du Cirque et de la rue, Beauvais, <strong>La Maladrerie Saint-Lazare<\/strong> Beauvais, <strong>Le Parvis Sc\u00e8ne Nationale<\/strong> Tarbes Pyr\u00e9n\u00e9es, <strong>Circa <\/strong>P\u00f4le National Cirque, Auch Gers Occitanie GIE FONDOC<\/p>\n\n\n\n<p><strong>Accueils en r\u00e9sidence<\/strong><br><strong>L&#8217;Escale<\/strong> \u2013 Ville de Tournefeuille, <strong>L&#8217;Essieu du Batut<\/strong>, Atelier de fabrique artistique &#8211;  Murols, <strong>La Grainerie<\/strong> \u2013 fabrique des arts du cirque et de l&#8217;itin\u00e9rance, sc\u00e8ne conventionn\u00e9e d\u2019int\u00e9r\u00eat national, p\u00f4le europ\u00e9en de production &#8211; Balma, <strong>Espace Bonnefoy<\/strong> \u2013 Toulouse,&nbsp;<strong>Latitude 50<\/strong> \u2013 P\u00f4le des arts du cirque et de la rue &#8211; Marchin (BE),&nbsp;<strong>Th\u00e9\u00e2tre Le Colombier<\/strong> &#8211; Les Cabannes, <strong>CIRCa<\/strong> &#8211; p\u00f4le national cirque, Mairie de La Courneuve &#8211; <strong>Houdremont centre culturel<\/strong>, <strong>L\u2019Orange Bleue<\/strong> &#8211; Espace Culturel d&#8217;Eaubonne, <strong>La Maison des Jonglages<\/strong> &#8211; Sc\u00e8ne Conventionn\u00e9e &#8211; Bondy<\/p>\n\n\n\n<p><strong>Special Thanks to<\/strong> Aymara Parola, Marl\u00e8ne Rostaing, Andrea Shultte, Florent Bergal, Claudio&nbsp;Batman&nbsp;Stellato<\/p>\n\n\n\n<p><strong>Soutiens institutionnels <\/strong><br>Minist\u00e8re de la Culture \u2013 DGCA, FONDOC Occitanie, DRAC Occitanie, R\u00e9gion Occitanie, D\u00e9partement de la Haute-Garonne, Ville de Toulouse. Avec le soutien du Jeune Cirque National et Cofinanc\u00e9 par le programme Erasmus+ de l&#8217;Union europ\u00e9enne dans le cadre du Consortium Cirque &#8211; Occitanie \u2013 Europe La Grainerie, fabrique des arts du cirque et de l&#8217;itin\u00e9rance<\/p>\n\n\n\n<h2 class=\"wp-block-heading titre2\">Conditions techniques<\/h2>\n\n\n\n<p><strong>espace :<\/strong> salle<br><strong>dur\u00e9e :<\/strong> 55 min<br><strong>technique : <\/strong>espace de 10&#215;10, vid\u00e9oprojecteur et syst\u00e8me de diffusion son \/ tapis de danse blanc et cyclorama 10 x 5,75 m<br><strong>artistes au plateau :<\/strong> 6<\/p>\n\n\n\n<div style=\"height:20px\" aria-hidden=\"true\" class=\"wp-block-spacer\"><\/div>\n\n\n\n<div style=\"height:20px\" aria-hidden=\"true\" class=\"wp-block-spacer\"><\/div>\n\n\n\n<p><\/p>\n","protected":false},"excerpt":{"rendered":"<p>Cr\u00e9ation d\u00e9cembre 2024 spectacle en salle \u00abEt si, \u00e0 la place des massues, nous prenions nos bras comme objets de jonglage ?\u00bb \u00abPeut-on faire du jonglage sans objets?\u00bbDans El Dorado il n\u2019y a plus de massues mais des bras, des poings, des t\u00eates et des jambes. Nous jonglons avec nos corps et nos corps jonglent [&hellip;]<\/p>\n","protected":false},"author":1,"featured_media":0,"parent":102,"menu_order":0,"comment_status":"closed","ping_status":"closed","template":"","meta":{"footnotes":""},"class_list":["post-67237","page","type-page","status-publish","hentry"],"_links":{"self":[{"href":"https:\/\/nicanordeelia.com\/es\/wp-json\/wp\/v2\/pages\/67237","targetHints":{"allow":["GET"]}}],"collection":[{"href":"https:\/\/nicanordeelia.com\/es\/wp-json\/wp\/v2\/pages"}],"about":[{"href":"https:\/\/nicanordeelia.com\/es\/wp-json\/wp\/v2\/types\/page"}],"author":[{"embeddable":true,"href":"https:\/\/nicanordeelia.com\/es\/wp-json\/wp\/v2\/users\/1"}],"replies":[{"embeddable":true,"href":"https:\/\/nicanordeelia.com\/es\/wp-json\/wp\/v2\/comments?post=67237"}],"version-history":[{"count":64,"href":"https:\/\/nicanordeelia.com\/es\/wp-json\/wp\/v2\/pages\/67237\/revisions"}],"predecessor-version":[{"id":522415,"href":"https:\/\/nicanordeelia.com\/es\/wp-json\/wp\/v2\/pages\/67237\/revisions\/522415"}],"up":[{"embeddable":true,"href":"https:\/\/nicanordeelia.com\/es\/wp-json\/wp\/v2\/pages\/102"}],"wp:attachment":[{"href":"https:\/\/nicanordeelia.com\/es\/wp-json\/wp\/v2\/media?parent=67237"}],"curies":[{"name":"wp","href":"https:\/\/api.w.org\/{rel}","templated":true}]}}