{"id":6106,"date":"2020-11-05T16:45:08","date_gmt":"2020-11-05T15:45:08","guid":{"rendered":"http:\/\/nicanordeelia.com\/?page_id=6106"},"modified":"2022-10-28T17:37:07","modified_gmt":"2022-10-28T15:37:07","slug":"collaborations","status":"publish","type":"page","link":"https:\/\/nicanordeelia.com\/es\/collaborations\/","title":{"rendered":"Collaborations"},"content":{"rendered":"\n<h1 class=\"collab2 wp-block-heading\">G. Bistaki<span> Cirque chor\u00e9graphique d&#8217;investigation<\/span><\/h1>\n\n\n\n<p class=\"introCOLLAB has-small-font-size\">Le <a rel=\"noreferrer noopener\" href=\"http:\/\/bistaki.com\" target=\"_blank\">G.Bistaki <\/a>est un collectif de danseur-ses\/jongleur-ses, r\u00e9unis afin de bouleverser leur quotidien artistique et sc\u00e9nique en innovant dans la mani\u00e8re de rechercher et de repr\u00e9senter.<br>L\u2019essence de leur mode de repr\u00e9sentation est leur rapport \u00e0 l\u2019espace&nbsp;: le <a rel=\"noreferrer noopener\" href=\"http:\/\/bistaki.com\" target=\"_blank\">G.Bistaki<\/a> d\u00e9veloppe des repr\u00e9sentations in situ et s\u2019\u00e9panouit en lien \u00e9troit avec les caract\u00e9ristiques spatiales et sociales d\u2019un lieu.<br>L\u2019environnement, qu\u2019il soit urbain ou rural, \u00e0 ciel ouvert ou ferm\u00e9, est le th\u00e9\u00e2tre de son action.<\/p>\n\n\n\n<div class=\"wp-block-columns is-layout-flex wp-container-core-columns-is-layout-9d6595d7 wp-block-columns-is-layout-flex\">\n<div class=\"wp-block-column is-layout-flow wp-block-column-is-layout-flow\">\n<h2 class=\"has-text-align-center collabH2 wp-block-heading\">Bel Horizon<\/h2>\n\n\n\n<h5 class=\"has-text-align-center wp-block-heading\">Cr\u00e9ation 2020<\/h5>\n\n\n\n<figure class=\"wp-block-embed-vimeo wp-block-embed is-type-video is-provider-vimeo wp-embed-aspect-16-9 wp-has-aspect-ratio\"><div style=\"padding:56.25% 0 0 0;position:relative;\"><iframe src=\"https:\/\/player.vimeo.com\/video\/367228760?title=0&#038;byline=0&#038;portrait=0\" style=\"position:absolute;top:0;left:0;width:100%;height:100%;\" frameborder=\"0\" allow=\"autoplay; fullscreen\" allowfullscreen><\/iframe><\/div><script src=\"https:\/\/player.vimeo.com\/api\/player.js\"><\/script><\/figure>\n\n\n\n<p>En ce monde o\u00f9 tout s\u2019acc\u00e9l\u00e8re, se condense, se confond, le G.Bistaki propose de s\u2019extraire, physiquement et mentalement. De s\u2019extraire avec calme, vers un Bel Horizon. Dans ce paysage, l\u2019\u0153il op\u00e9rera son pouvoir s\u00e9lectif, il y croisera un nouveau peuple o\u00f9 Hommes et Femmes sont pr\u00e9sent\u00e9s dans un costume pouvant s\u2019apparenter \u00e0 un uniforme. Quel est ce clan\u2009? Des paysans, une meute de loups, une entit\u00e9 culturelle&#8230;<\/p>\n\n\n\n<p><a rel=\"noreferrer noopener\" href=\"http:\/\/bistaki.com\/index.php\/belhorizon-2\/\" target=\"_blank\">Bel Horizon sur www.bistaki.com<\/a><\/p>\n<\/div>\n\n\n\n<div class=\"wp-block-column is-layout-flow wp-block-column-is-layout-flow\">\n<h2 class=\"has-text-align-center collabH2 wp-block-heading\">Cooperatzia<\/h2>\n\n\n\n<h5 class=\"has-text-align-center wp-block-heading\">Cr\u00e9ation 2009<\/h5>\n\n\n\n<figure class=\"wp-block-embed is-type-video is-provider-youtube wp-block-embed-youtube youtube-video wp-embed-aspect-16-9 wp-has-aspect-ratio\"><div class=\"wp-block-embed__wrapper\">\n<iframe loading=\"lazy\" title=\"Cooperatzia (G. Bistaki) -  Le chemin. Brest, Da\u00f1sfabrik 2013\" width=\"900\" height=\"506\" src=\"https:\/\/www.youtube.com\/embed\/2SP03MS_DuQ?feature=oembed\" frameborder=\"0\" allow=\"accelerometer; autoplay; clipboard-write; encrypted-media; gyroscope; picture-in-picture\" allowfullscreen><\/iframe>\n<\/div><\/figure>\n\n\n\n<p>Une soci\u00e9t\u00e9 voit le jour. Des personnages rustres et contenus \u00e0 l\u2019\u00e9nergie explosive. Des \u00ab\u2009hommes-tuile\u2009\u00bb, \u00ab\u2009des hommes-sac\u2009\u00bb, des animaux (chiens-tuile, oiseaux-sac), se c\u00f4toient, s\u2019affrontent, s\u2019aident, ouvrant le regard sur des traditions \u00e9tranges, des habitudes d\u00e9plorables et des images enchanteresses. Entre cigale et fourmi, on construit, on danse, on d\u00e9truit. De Bilal aux Shadocks, les \u00e9v\u00e8nements se succ\u00e8dent telle une BD vivante.\u2009<\/p>\n\n\n\n<p><a rel=\"noreferrer noopener\" href=\"http:\/\/bistaki.com\/index.php\/cooperatzia\/\" target=\"_blank\">Cooperatzia sur www.bistaki.com<\/a><\/p>\n<\/div>\n<\/div>\n\n\n\n<h1 class=\"collab2 wp-block-heading\">Garage29 <strong>Laboratoire artistique, lieu de r\u00e9sidence &#038; workshops<\/strong><\/h1>\n\n\n\n<p class=\"introCOLLAB\">En 2010, Nicanor de Elia et Sabina Scarlat fondent le <a rel=\"noreferrer noopener\" href=\"http:\/\/www.garage29-offestival.be\/web\/\" target=\"_blank\">Garage29<\/a>, un espace de recherche en arts du spectacle. Le Garage29 accueille des chor\u00e9graphes \u00e9mergents de toutes parts du monde et s\u2019\u00e9tablit au fur et \u00e0 mesure comme un lieu d\u2019inspiration dans les \u00e9changes artistiques \u00e0 Bruxelles.<br>C\u2019est un atelier, une sc\u00e8ne et un carrefour o\u00f9 l\u2019on est stimul\u00e9 \u00e0 r\u00e9inventer de nouveaux cadres, syst\u00e8mes et formules de cr\u00e9ation.<br>Depuis, le Garage29 a cr\u00e9\u00e9 trois spectacles\/performances avec&nbsp;<em><strong>Monsters<\/strong><\/em>, en 2013, un projet multiforme autour du sac en plastique. Entre 2013 et 2015, il s\u2019immerge dans un quartier Schaerbekois d\u2019\u00e9migrants et travaille avec les habitants et associations \u00e0 la cr\u00e9ation d\u2019un docu-fiction, <em><strong>Le d\u00e9part<\/strong><\/em>. En 2016, il cr\u00e9e <em><strong>Uniforme<\/strong><\/em>, un pas de deux dans\u00e9 sur six tonnes de sable.<\/p>\n\n\n\n<div class=\"wp-block-columns is-layout-flex wp-container-core-columns-is-layout-9d6595d7 wp-block-columns-is-layout-flex\">\n<div class=\"wp-block-column is-layout-flow wp-block-column-is-layout-flow\">\n<h2 class=\"has-text-align-center collabH2 wp-block-heading\">Monsters<\/h2>\n\n\n\n<h5 class=\"has-text-align-center wp-block-heading\">Cr\u00e9ation 2013<\/h5>\n\n\n\n<figure class=\"wp-block-embed-vimeo wp-block-embed is-type-video is-provider-vimeo wp-embed-aspect-16-9 wp-has-aspect-ratio\"><div style=\"padding:56.25% 0 0 0;position:relative;\"><iframe src=\"https:\/\/player.vimeo.com\/video\/372367323?title=0&#038;byline=0&#038;portrait=0\" style=\"position:absolute;top:0;left:0;width:100%;height:100%;\" frameborder=\"0\" allow=\"autoplay; fullscreen\" allowfullscreen><\/iframe><\/div><script src=\"https:\/\/player.vimeo.com\/api\/player.js\"><\/script><\/figure>\n\n\n\n<p>Un acte d\u2019amour envers les restes po\u00e9tiques de nos vies logiques. Dans un jeu d\u2019ombres surgissent de la mati\u00e8re noire plastique, des bouts de corps, des membres, parfois d\u00e9multipli\u00e9s, des cr\u00e9atures recompos\u00e9es capables de sauter la dimension de la r\u00e9alit\u00e9.<br><em>Monsters<\/em> pr\u00e9sente un univers plastifi\u00e9, une vision futuriste d\u2019un monde apr\u00e8s le monde o\u00f9 n\u2019existe plus qu\u2019une mati\u00e8re noire plastique.<\/p>\n\n\n\n<p>Posant cette ali\u00e9nation au plastique comme point de d\u00e9part, la compagnie du&nbsp;<a rel=\"noreferrer noopener\" href=\"http:\/\/www.garage29-offestival.be\/web\/\" target=\"_blank\">Garage29<\/a> pr\u00e9sente l\u2019esth\u00e9tique comme seule possibilit\u00e9 de po\u00e9sie.<\/p>\n<\/div>\n\n\n\n<div class=\"wp-block-column is-layout-flow wp-block-column-is-layout-flow\">\n<h2 class=\"has-text-align-center collabH2 wp-block-heading\">Le d\u00e9part<\/h2>\n\n\n\n<h5 class=\"has-text-align-center wp-block-heading\">Cr\u00e9ation 2015<\/h5>\n\n\n\n<figure class=\"wp-block-embed-vimeo wp-block-embed is-type-video is-provider-vimeo wp-embed-aspect-16-9 wp-has-aspect-ratio\"><div style=\"padding:56.25% 0 0 0;position:relative;\"><iframe src=\"https:\/\/player.vimeo.com\/video\/373395984?title=0&#038;byline=0&#038;portrait=0\" style=\"position:absolute;top:0;left:0;width:100%;height:100%;\" frameborder=\"0\" allow=\"autoplay; fullscreen\" allowfullscreen><\/iframe><\/div><script src=\"https:\/\/player.vimeo.com\/api\/player.js\"><\/script><\/figure>\n\n\n\n<p><a rel=\"noreferrer noopener\" href=\"https:\/\/vimeo.com\/373400456\" target=\"_blank\">Chapitre 2<\/a>&nbsp;\u2013&nbsp;<a rel=\"noreferrer noopener\" href=\"https:\/\/vimeo.com\/373414529\" target=\"_blank\">Chapitre 3<\/a>&nbsp;\u2013&nbsp;<a rel=\"noreferrer noopener\" href=\"https:\/\/vimeo.com\/user33374873\" target=\"_blank\">Chapitre 4<\/a>&nbsp;\u2013&nbsp;<a rel=\"noreferrer noopener\" href=\"https:\/\/vimeo.com\/468487830\" target=\"_blank\">Chapitre 5<\/a><\/p>\n\n\n\n<p>Docu-fiction r\u00e9alis\u00e9 en collaboration avec les habitants du quartier Coteaux-Josaphat, Renovas et&nbsp;<a rel=\"noreferrer noopener\" href=\"https:\/\/www.halles.be\/fr\/\" target=\"_blank\">les Halles des Schaerbeek<\/a>.<\/p>\n\n\n\n<p>\u00c0 Schaerbeek, dans le quartier Coteaux-Josaphat, une \u00e9trange communaut\u00e9 a vu le jour. Les Hesp\u00e9riens, groupe \u00e0 l\u2019histoire et aux m\u0153urs myst\u00e9rieuses, se vouent depuis des ann\u00e9es \u00e0 une mission&nbsp;: faire de Mars une terre d\u2019immigration id\u00e9ale, et y arriver les premiers. Comment comptent-ils arriver sur Mars et pour y faire quoi, au juste\u2009?<br>Pendant 18 mois, le&nbsp;<a rel=\"noreferrer noopener\" href=\"http:\/\/www.garage29-offestival.be\/web\/\" target=\"_blank\">Garage29<\/a>&nbsp;a men\u00e9 l\u2019enqu\u00eate, aupr\u00e8s des habitants du quartier \u2013 pros-Hesp\u00e9riens, anti-Hesp\u00e9riens, et sans opinion\u2026<\/p>\n<\/div>\n<\/div>\n\n\n\n<div class=\"wp-block-columns is-layout-flex wp-container-core-columns-is-layout-9d6595d7 wp-block-columns-is-layout-flex\">\n<div class=\"wp-block-column is-layout-flow wp-block-column-is-layout-flow\">\n<h2 class=\"has-text-align-center collabH2 wp-block-heading\">Le duel<\/h2>\n\n\n\n<figure class=\"wp-block-embed-vimeo wp-block-embed is-type-video is-provider-vimeo wp-embed-aspect-16-9 wp-has-aspect-ratio\"><div style=\"padding:56.25% 0 0 0;position:relative;\"><iframe src=\"https:\/\/player.vimeo.com\/video\/401245703?title=0&#038;byline=0&#038;portrait=0\" style=\"position:absolute;top:0;left:0;width:100%;height:100%;\" frameborder=\"0\" allow=\"autoplay; fullscreen\" allowfullscreen><\/iframe><\/div><script src=\"https:\/\/player.vimeo.com\/api\/player.js\"><\/script><\/figure>\n\n\n\n<p>Vid\u00e9o performance cr\u00e9e en 2017 pendant le&nbsp;<a rel=\"noreferrer noopener\" href=\"https:\/\/upfestival.be\" target=\"_blank\">festival UP\u2009!<\/a>&nbsp;au&nbsp;<a rel=\"noreferrer noopener\" href=\"http:\/\/www.garage29-offestival.be\" target=\"_blank\">Garage29<\/a>, Bruxelles, Belgique. Nicanor de Elia et Sabina Scarlat.<\/p>\n<\/div>\n\n\n\n<div class=\"wp-block-column is-layout-flow wp-block-column-is-layout-flow\">\n<h2 class=\"has-text-align-center collabH2 wp-block-heading\">Le banquet<\/h2>\n\n\n\n<figure class=\"wp-block-embed-vimeo wp-block-embed is-type-video is-provider-vimeo wp-embed-aspect-4-3 wp-has-aspect-ratio\"><div style=\"padding:56.25% 0 0 0;position:relative;\"><iframe src=\"https:\/\/player.vimeo.com\/video\/401245103?title=0&#038;byline=0&#038;portrait=0\" style=\"position:absolute;top:0;left:0;width:100%;height:100%;\" frameborder=\"0\" allow=\"autoplay; fullscreen\" allowfullscreen><\/iframe><\/div><script src=\"https:\/\/player.vimeo.com\/api\/player.js\"><\/script><\/figure>\n\n\n\n<p>Vid\u00e9o performance cr\u00e9e en 2012 avec le collectif Tupperware au&nbsp;<a rel=\"noreferrer noopener\" href=\"http:\/\/www.garage29-offestival.be\" target=\"_blank\">Garage29<\/a>, Bruxelles, Belgique.<\/p>\n<\/div>\n<\/div>\n\n\n\n<h1 class=\"collab2 wp-block-heading\">\u00c9coles sup\u00e9rieures de cirque<\/h1>\n\n\n\n<div class=\"wp-block-columns is-layout-flex wp-container-core-columns-is-layout-9d6595d7 wp-block-columns-is-layout-flex\">\n<div class=\"wp-block-column is-layout-flow wp-block-column-is-layout-flow\">\n<h2 class=\"has-text-align-center collabH2 collabH2long has-medium-font-size wp-block-heading\">No drama no circus<\/h2>\n\n\n\n<h5 class=\"has-text-align-center wp-block-heading\">2022<\/h5>\n\n\n\n<h5 class=\"has-text-align-center wp-block-heading\"><a href=\"https:\/\/fontys.edu\/circus\/\" target=\"_blank\" rel=\"noreferrer noopener\">\u00c9COLE SUP\u00c9RIEURE DE CIRQUE DE TILBURG (ACAPA)<\/a><\/h5>\n\n\n\n<figure class=\"wp-block-embed-vimeo wp-block-embed is-type-video is-provider-vimeo wp-embed-aspect-16-9 wp-has-aspect-ratio\"><div style=\"padding:56.25% 0 0 0;position:relative;\"><iframe src=\"https:\/\/player.vimeo.com\/video\/731288162?title=0&#038;byline=0&#038;portrait=0\" style=\"position:absolute;top:0;left:0;width:100%;height:100%;\" frameborder=\"0\" allow=\"autoplay; fullscreen\" allowfullscreen><\/iframe><\/div><script src=\"https:\/\/player.vimeo.com\/api\/player.js\"><\/script><\/figure>\n\n\n\n<p>\u00ab\u2009Ce spectacle prends racine dans les carnavals sauvages, le rock et le latin power. Une masse des corps qui voyagent d&#8217;un univers \u00e0 l&#8217;autre dans un crossfade constant cr\u00e9ant un voyage psych\u00e9d\u00e9lique et circassien o\u00f9 les interpr\u00e8tes se transforment en b\u00eates mystiques, ic\u00f4nes de mode ou simples mortelles\u2009\u00bb.<\/p>\n<\/div>\n\n\n\n<div class=\"wp-block-column is-layout-flow wp-block-column-is-layout-flow\">\n<h2 class=\"has-text-align-center collabH2 wp-block-heading\">One<\/h2>\n\n\n\n<h5 class=\"has-text-align-center wp-block-heading\">2019<\/h5>\n\n\n\n<h5 class=\"has-text-align-center wp-block-heading\"><a href=\"https:\/\/www.codarts.nl\" target=\"_blank\" rel=\"noreferrer noopener\">\u00c9COLE SUP\u00c9RIEURE DE CIRQUE DE ROTTERDAM CODARTS<\/a><\/h5>\n\n\n\n<figure class=\"wp-block-embed-vimeo wp-block-embed is-type-video is-provider-vimeo wp-embed-aspect-16-9 wp-has-aspect-ratio\"><div style=\"padding:56.25% 0 0 0;position:relative;\"><iframe src=\"https:\/\/player.vimeo.com\/video\/475616191?title=0&#038;byline=0&#038;portrait=0\" style=\"position:absolute;top:0;left:0;width:100%;height:100%;\" frameborder=\"0\" allow=\"autoplay; fullscreen\" allowfullscreen><\/iframe><\/div><script src=\"https:\/\/player.vimeo.com\/api\/player.js\"><\/script><\/figure>\n\n\n\n<p>\u00ab\u2009Toutes sortes de combinaisons d\u2019oppos\u00e9s peuvent \u00eatre comprises comme des structures bipolaires&nbsp;: jour \/ nuit, homme \/ femme, vie \/ mort, yin \/ yang, ciel \/ terre, dessus \/ dessous, innocence \/ p\u00e9ch\u00e9, soleil \/ lune. La structure du monde consiste en une infinit\u00e9 de paires oppos\u00e9es. Nous explorons la tension qui peut exister entre le vent et les arbres, la pluie et le toit, le serpent et la souris\u2009\u00bb.<\/p>\n<\/div>\n\n\n\n<div class=\"wp-block-column is-layout-flow wp-block-column-is-layout-flow\">\n<h2 class=\"has-text-align-center collabH2 wp-block-heading\">Brutal<\/h2>\n\n\n\n<h5 class=\"has-text-align-center wp-block-heading\">2017<\/h5>\n\n\n\n<h5 class=\"has-text-align-center wp-block-heading\"><a rel=\"noreferrer noopener\" href=\"http:\/\/circolido.fr\/association-de-prefiguration-de-lecole-superieure-des-arts-du-cirque-de-toulouse-occitanie\/\" target=\"_blank\">ESACTO&#8217;LIDO<\/a>,&nbsp;<a rel=\"noreferrer noopener\" href=\"https:\/\/www.academie-fratellini.com\" target=\"_blank\">FRATELLINI<\/a>&nbsp;&#038;&nbsp;<a href=\"https:\/\/www.enacr.com\">ENACR<\/a><\/h5>\n\n\n\n<figure class=\"wp-block-embed-vimeo wp-block-embed is-type-video is-provider-vimeo wp-embed-aspect-16-9 wp-has-aspect-ratio\"><div style=\"padding:56.25% 0 0 0;position:relative;\"><iframe src=\"https:\/\/player.vimeo.com\/video\/474107371?title=0&#038;byline=0&#038;portrait=0\" style=\"position:absolute;top:0;left:0;width:100%;height:100%;\" frameborder=\"0\" allow=\"autoplay; fullscreen\" allowfullscreen><\/iframe><\/div><script src=\"https:\/\/player.vimeo.com\/api\/player.js\"><\/script><\/figure>\n\n\n\n<p>Brutal est une performance, du jonglage en groupe, sans artifice, des relations brutales, des mouvements sans mani\u00e8res.&nbsp;Les corps mis en tension.<\/p>\n\n\n\n<p>Cr\u00e9\u00e9 pour la&nbsp;<a rel=\"noreferrer noopener\" href=\"http:\/\/maisondesjonglages.fr\/fr\" target=\"_blank\">Maison des Jonglages<\/a>&nbsp;pour la Rencontre des jonglages et les \u00e9tudiants&nbsp;des \u00e9coles sup\u00e9rieures de cirque de France.<\/p>\n<\/div>\n<\/div>\n\n\n\n<div class=\"wp-block-columns is-layout-flex wp-container-core-columns-is-layout-9d6595d7 wp-block-columns-is-layout-flex\">\n<div class=\"wp-block-column is-layout-flow wp-block-column-is-layout-flow\">\n<h2 class=\"has-text-align-center collabH2 wp-block-heading\">Circle<\/h2>\n\n\n\n<h5 class=\"has-text-align-center wp-block-heading\">2016<\/h5>\n\n\n\n<h5 class=\"has-text-align-center wp-block-heading\"><a rel=\"noreferrer noopener\" href=\"http:\/\/circolido.fr\/association-de-prefiguration-de-lecole-superieure-des-arts-du-cirque-de-toulouse-occitanie\/\" target=\"_blank\">ESACTO&#8217;LIDO<\/a>&nbsp;&#038;&nbsp;<a rel=\"noreferrer noopener\" href=\"http:\/\/esac.be\/fr\/\" target=\"_blank\">ESAC<\/a><\/h5>\n\n\n\n<figure class=\"wp-block-embed-youtube wp-block-embed is-type-rich is-provider-prise-en-charge-des-contenus-embarques wp-embed-aspect-16-9 wp-has-aspect-ratio\"><div class=\"wp-block-embed__wrapper\">\n<iframe loading=\"lazy\" title=\"Lido &amp; ESAC @ CIRCLE 2016 - CIRCa\" width=\"900\" height=\"506\" src=\"https:\/\/www.youtube.com\/embed\/TkVNDcNQgU8?feature=oembed\" frameborder=\"0\" allow=\"accelerometer; autoplay; clipboard-write; encrypted-media; gyroscope; picture-in-picture\" allowfullscreen><\/iframe>\n<\/div><\/figure>\n\n\n\n<p>Mise en sc\u00e8ne pour les \u00e9l\u00e8ves&nbsp;de l\u2019\u00e9cole sup\u00e9rieure de cirque de Toulouse, <a href=\"http:\/\/circolido.fr\/association-de-prefiguration-de-lecole-superieure-des-arts-du-cirque-de-toulouse-occitanie\/\">ESACTO&#8217;LIDO<\/a>, et de l\u2019\u00e9cole sup\u00e9rieure des arts du cirque de&nbsp;<a rel=\"noreferrer noopener\" href=\"http:\/\/esac.be\/fr\/\" target=\"_blank\">ESAC<\/a>&nbsp;jou\u00e9 pendant les rencontres de la&nbsp;<a rel=\"noreferrer noopener\" href=\"http:\/\/www.fedec.eu\/fr\/\" target=\"_blank\">FEDEC<\/a>&nbsp;qu\u2019a lieu pendant le festival de cirque actuel d\u2019Auch,&nbsp;<a rel=\"noreferrer noopener\" href=\"http:\/\/www.circa.auch.fr\/index.php\/fr\/\" target=\"_blank\">CIRCA<\/a>.&nbsp;<\/p>\n<\/div>\n\n\n\n<div class=\"wp-block-column is-layout-flow wp-block-column-is-layout-flow\">\n<h2 class=\"has-text-align-center collabH2 wp-block-heading\">Bang<\/h2>\n\n\n\n<h5 class=\"has-text-align-center wp-block-heading\">2015<\/h5>\n\n\n\n<h5 class=\"has-text-align-center wp-block-heading\"><a href=\"http:\/\/esac.be\/fr\/\" target=\"_blank\" rel=\"noreferrer noopener\">\u00c9COLE SUP\u00c9RIEURE DES ARTS DU CIRQUE<\/a><\/h5>\n\n\n\n<figure class=\"wp-block-embed-vimeo wp-block-embed is-type-video is-provider-vimeo wp-embed-aspect-16-9 wp-has-aspect-ratio\"><div style=\"padding:56.25% 0 0 0;position:relative;\"><iframe src=\"https:\/\/player.vimeo.com\/video\/148092253?title=0&#038;byline=0&#038;portrait=0\" style=\"position:absolute;top:0;left:0;width:100%;height:100%;\" frameborder=\"0\" allow=\"autoplay; fullscreen\" allowfullscreen><\/iframe><\/div><script src=\"https:\/\/player.vimeo.com\/api\/player.js\"><\/script><\/figure>\n\n\n\n<p>Bang! s\u2019annonce comme une heure de folie durant laquelle les corps des interpr\u00e8tes seront pouss\u00e9s \u00e0 bout. Intense, extr\u00eame et burlesque, Bang! sera une chose collective pour parler du r\u00e9el et basta !<\/p>\n\n\n\n<p><a rel=\"noreferrer noopener\" href=\"https:\/\/www.work-claudiostellato.com\" target=\"_blank\">Claudio Stellato<\/a>&nbsp;&#038; Nicanor de Elia \u00e0&nbsp;<a rel=\"noreferrer noopener\" href=\"http:\/\/esac.be\/fr\/\" target=\"_blank\">l\u2019ESAC<\/a>.<\/p>\n<\/div>\n\n\n\n<div class=\"wp-block-column is-layout-flow wp-block-column-is-layout-flow\">\n<h2 class=\"has-text-align-center collabH2 wp-block-heading\"><\/h2>\n\n\n\n<p><\/p>\n\n\n\n<p><\/p>\n<\/div>\n<\/div>\n\n\n\n<h1 class=\"collab2 wp-block-heading\">Autres collaborations<\/h1>\n\n\n\n<div class=\"wp-block-columns is-layout-flex wp-container-core-columns-is-layout-9d6595d7 wp-block-columns-is-layout-flex\">\n<div class=\"wp-block-column is-layout-flow wp-block-column-is-layout-flow\">\n<h2 class=\"has-text-align-center collabH2 wp-block-heading\">Look at me<\/h2>\n\n\n\n<h5 class=\"has-text-align-center wp-block-heading\">PERFORMANCE\/ INSTALLATION<\/h5>\n\n\n\n<figure class=\"wp-block-embed-vimeo wp-block-embed is-type-video is-provider-vimeo wp-embed-aspect-16-9 wp-has-aspect-ratio\"><div style=\"padding:56.25% 0 0 0;position:relative;\"><iframe src=\"https:\/\/player.vimeo.com\/video\/131820138?title=0&#038;byline=0&#038;portrait=0\" style=\"position:absolute;top:0;left:0;width:100%;height:100%;\" frameborder=\"0\" allow=\"autoplay; fullscreen\" allowfullscreen><\/iframe><\/div><script src=\"https:\/\/player.vimeo.com\/api\/player.js\"><\/script><\/figure>\n\n\n\n<p><em>Look At Me<\/em>&nbsp;est un dispositif immersif o\u00f9 le public est invit\u00e9 \u00e0 d\u00e9couvrir une nouvelle perception de son corps et de environnement qui l\u2019entoure. L\u2019installation se transforme dans un autre temps, en un espace performatif dans lesquels danseur et public se partagerons l\u2019espace dans un jeu de regards et de sensations. Une mise en r\u00e9sonances des conventions et des convenus.<br>Projet de&nbsp;<a rel=\"noreferrer noopener\" href=\"https:\/\/www.guillaumebautista.com\" target=\"_blank\">Guillaume Bautista<\/a>&nbsp;avec&nbsp;Nicanor de Elia et Morgan Roggy.<\/p>\n<\/div>\n\n\n\n<div class=\"wp-block-column is-layout-flow wp-block-column-is-layout-flow\">\n<h2 class=\"has-text-align-center collabH2 wp-block-heading\">Rictus<\/h2>\n\n\n\n<h5 class=\"has-text-align-center wp-block-heading\">LAUR\u00c9AT JEUNES TALENTS CIRQUE&nbsp;2008<\/h5>\n\n\n\n<figure class=\"wp-block-embed-vimeo wp-block-embed is-type-video is-provider-vimeo wp-embed-aspect-4-3 wp-has-aspect-ratio\"><div style=\"padding:56.25% 0 0 0;position:relative;\"><iframe src=\"https:\/\/player.vimeo.com\/video\/427001829?title=0&#038;byline=0&#038;portrait=0\" style=\"position:absolute;top:0;left:0;width:100%;height:100%;\" frameborder=\"0\" allow=\"autoplay; fullscreen\" allowfullscreen><\/iframe><\/div><script src=\"https:\/\/player.vimeo.com\/api\/player.js\"><\/script><\/figure>\n\n\n\n<p>Pi\u00e8ce pour deux danseuses et deux circassiens, pr\u00e9sent\u00e9e \u00e0 Paris en septembre 2009 au&nbsp;<a rel=\"noreferrer noopener\" href=\"http:\/\/www.theatredelacite.com\" target=\"_blank\">Th\u00e9\u00e2tre de la Cit\u00e9<\/a>.<\/p>\n\n\n\n<p>Chor\u00e9graphie en collaboration avec la Compagnie ImPosture.<\/p>\n<\/div>\n\n\n\n<div class=\"wp-block-column is-layout-flow wp-block-column-is-layout-flow\">\n<h2 class=\"has-text-align-center collabH2 wp-block-heading\">Duo<\/h2>\n\n\n\n<h5 class=\"has-text-align-center wp-block-heading\">IMPROVISATION<\/h5>\n\n\n\n<figure class=\"wp-block-embed-vimeo wp-block-embed is-type-video is-provider-vimeo wp-embed-aspect-16-9 wp-has-aspect-ratio\"><div style=\"padding:56.25% 0 0 0;position:relative;\"><iframe src=\"https:\/\/player.vimeo.com\/video\/401247058?title=0&#038;byline=0&#038;portrait=0\" style=\"position:absolute;top:0;left:0;width:100%;height:100%;\" frameborder=\"0\" allow=\"autoplay; fullscreen\" allowfullscreen><\/iframe><\/div><script src=\"https:\/\/player.vimeo.com\/api\/player.js\"><\/script><\/figure>\n\n\n\n<p>Improvisation r\u00e9alis\u00e9&nbsp;par Nicanor de Elia et Giovanni diDomenico au Studio Grez dans le cadre du&nbsp;<a rel=\"noreferrer noopener\" href=\"http:\/\/www.garage29-offestival.be\/web\/?page_id=5115\" target=\"_blank\">OFFestival<\/a>.&nbsp;<\/p>\n<\/div>\n<\/div>\n","protected":false},"excerpt":{"rendered":"<p>G. Bistaki Cirque chor\u00e9graphique d&#8217;investigation Le G.Bistaki est un collectif de danseur-ses\/jongleur-ses, r\u00e9unis afin de bouleverser leur quotidien artistique et sc\u00e9nique en innovant dans la mani\u00e8re de rechercher et de repr\u00e9senter.L\u2019essence de leur mode de repr\u00e9sentation est leur rapport \u00e0 l\u2019espace&nbsp;: le G.Bistaki d\u00e9veloppe des repr\u00e9sentations in situ et s\u2019\u00e9panouit en lien \u00e9troit avec les [&hellip;]<\/p>\n","protected":false},"author":1,"featured_media":0,"parent":0,"menu_order":0,"comment_status":"closed","ping_status":"closed","template":"","meta":{"footnotes":""},"class_list":["post-6106","page","type-page","status-publish","hentry"],"_links":{"self":[{"href":"https:\/\/nicanordeelia.com\/es\/wp-json\/wp\/v2\/pages\/6106","targetHints":{"allow":["GET"]}}],"collection":[{"href":"https:\/\/nicanordeelia.com\/es\/wp-json\/wp\/v2\/pages"}],"about":[{"href":"https:\/\/nicanordeelia.com\/es\/wp-json\/wp\/v2\/types\/page"}],"author":[{"embeddable":true,"href":"https:\/\/nicanordeelia.com\/es\/wp-json\/wp\/v2\/users\/1"}],"replies":[{"embeddable":true,"href":"https:\/\/nicanordeelia.com\/es\/wp-json\/wp\/v2\/comments?post=6106"}],"version-history":[{"count":33,"href":"https:\/\/nicanordeelia.com\/es\/wp-json\/wp\/v2\/pages\/6106\/revisions"}],"predecessor-version":[{"id":82951,"href":"https:\/\/nicanordeelia.com\/es\/wp-json\/wp\/v2\/pages\/6106\/revisions\/82951"}],"wp:attachment":[{"href":"https:\/\/nicanordeelia.com\/es\/wp-json\/wp\/v2\/media?parent=6106"}],"curies":[{"name":"wp","href":"https:\/\/api.w.org\/{rel}","templated":true}]}}