{"id":3783,"date":"2020-10-09T10:47:41","date_gmt":"2020-10-09T08:47:41","guid":{"rendered":"http:\/\/nicanordeelia.com\/?page_id=3783"},"modified":"2024-10-09T16:38:36","modified_gmt":"2024-10-09T14:38:36","slug":"copyleft","status":"publish","type":"page","link":"https:\/\/nicanordeelia.com\/es\/copyleft\/","title":{"rendered":"Copyleft"},"content":{"rendered":"\n<div class=\"wp-block-columns is-layout-flex wp-container-core-columns-is-layout-9d6595d7 wp-block-columns-is-layout-flex\">\n<div class=\"wp-block-column is-layout-flow wp-block-column-is-layout-flow\" style=\"flex-basis:33.33%\">\n<figure class=\"wp-block-image size-large is-resized\"><img loading=\"lazy\" decoding=\"async\" width=\"926\" height=\"926\" src=\"https:\/\/nicanordeelia.com\/wp-content\/uploads\/2023\/09\/Label-bleu-Olympiade-Culturelle-1-edited.png\" alt=\"\" class=\"wp-image-148683\" style=\"width:120px;height:120px\" srcset=\"https:\/\/nicanordeelia.com\/wp-content\/uploads\/2023\/09\/Label-bleu-Olympiade-Culturelle-1-edited.png 926w, https:\/\/nicanordeelia.com\/wp-content\/uploads\/2023\/09\/Label-bleu-Olympiade-Culturelle-1-edited-300x300.png 300w, https:\/\/nicanordeelia.com\/wp-content\/uploads\/2023\/09\/Label-bleu-Olympiade-Culturelle-1-edited-150x150.png 150w, https:\/\/nicanordeelia.com\/wp-content\/uploads\/2023\/09\/Label-bleu-Olympiade-Culturelle-1-edited-768x768.png 768w, https:\/\/nicanordeelia.com\/wp-content\/uploads\/2023\/09\/Label-bleu-Olympiade-Culturelle-1-edited-352x352.png 352w, https:\/\/nicanordeelia.com\/wp-content\/uploads\/2023\/09\/Label-bleu-Olympiade-Culturelle-1-edited-704x704.png 704w\" sizes=\"auto, (max-width: 926px) 100vw, 926px\" \/><\/figure>\n<\/div>\n\n\n\n<div class=\"wp-block-column is-layout-flow wp-block-column-is-layout-flow\" style=\"flex-basis:200%\">\n<p><\/p>\n\n\n\n<p><\/p>\n\n\n\n<p><\/p>\n\n\n\n<p class=\"has-text-color has-medium-font-size\" style=\"color:#ccac2d\"><em>Mention sp\u00e9ciale : premier prix du meilleur spectacle de rue &#8211; <a href=\"https:\/\/www.gijon.es\/es\/eventos\/feten-2021\" target=\"_blank\" rel=\"noreferrer noopener\">FETEN Gij\u00f3n &#8211; Xix\u00f3n<\/a>\u00a02022<\/em><\/p>\n\n\n\n<p class=\"has-text-color has-medium-font-size\" style=\"color:#0000d8\"><em>Spectacle labellis\u00e9 Olympiade Culturelle &#8211; Paris 2024 <\/em><\/p>\n<\/div>\n<\/div>\n\n\n\n<p class=\"has-medium-font-size\"><\/p>\n\n\n\n<p>Copyleft est une tornade de jonglage dans\u00e9 de 45mns avec une bonne dose d&#8217;humour et diverses \u00e9vocations&nbsp;au&nbsp;sport, avec une distribution artistique compos\u00e9e d&#8217;une authentique \u00abdream team\u00bb de diverses nationalit\u00e9s que sont Juan Duarte Mateos (UY), Lucas Castelo Branco (BR), Nahuel Desanto (AR), Gonzalo Fernandez Rodriguez (ES) et Walid El Yafi (FR).&nbsp;Une pi\u00e8ce qui combine danse et jonglage, cr\u00e9\u00e9e pour l&#8217;espace public et tout terrain. Le&nbsp;spectacle&nbsp;a \u00e9t\u00e9&nbsp;dirig\u00e9 et chor\u00e9graphi\u00e9 par Nicanor de Elia (AR\/FR) et&nbsp;la composition musicale a \u00e9t\u00e9 faite par&nbsp;Giovanni di Domenico (IT).<\/p>\n\n\n\n<h2 class=\"wp-block-heading titre2\">L&#8217;histoire<\/h2>\n\n\n\n<p>Cinq jongleurs \u00e0 l\u2019allure sportive entrent dans l\u2019espace et s\u2019\u00e9chauffent, en allusion aux <em>ragazzi <\/em>de Pasolini. Un hymne \u00e0 l\u2019absurdit\u00e9 retentit&nbsp;; le spectacle peut commencer. Puis ce sont les normes de s\u00e9curit\u00e9 et les r\u00e8gles du jeu qui sont expliqu\u00e9es au public. La musique d\u00e9marre, et avec elle un dialogue chor\u00e9graphique et jongl\u00e9, d\u00e9gageant les diff\u00e9rentes personnalit\u00e9s des interpr\u00e8tes et leurs relations qui vont \u00e9voluer tout au long du spectacle.<\/p>\n\n\n\n<p>Copyleft parle de la relation de l\u2019individu \u00e0 un groupe et de la vitalit\u00e9 du corps alli\u00e9e \u00e0 la virtuosit\u00e9 du jonglage, en constante \u00e9volution avec la musique. La po\u00e9sie se trouve dans les d\u00e9tails, dans la rencontre entre deux interpr\u00e8tes ou avec un spectateur, dans la perfection d\u2019un geste jongl\u00e9 synchronis\u00e9 avec les accords de la musique.<\/p>\n\n\n\n<p>La r\u00e9flexion men\u00e9e autour du corps fait \u00e9cho \u00e0 l\u2019univers du sport dans lequel le geste est fonctionnel et vise l\u2019efficacit\u00e9&nbsp;; ici aussi, une passe jongl\u00e9e et attrap\u00e9e rejoint le registre du football o\u00f9 l\u2019objectif est de r\u00e9aliser le tir parfait. Dans une proposition esth\u00e9tique minimaliste, le spectacle prend la forme d\u2019un match aux r\u00e8gles pr\u00e9cises mais dans lequel leur interpr\u00e9tation reste libre et improvis\u00e9e.<\/p>\n\n\n\n<p>Copyleft est le fruit de trois ans de recherche, m\u00ealant jonglage de groupe, danse et improvisation. Aujourd\u2019hui, m\u00eame s\u2019il est enti\u00e8rement \u00e9crit, ce spectacle laisse aux jongleurs des passages chor\u00e9graphiques qui leur permettent de s\u2019adapter aux diff\u00e9rentes situations et espaces, frayant un chemin \u00e0 l\u2019absurdit\u00e9 et l\u2019humour.<\/p>\n\n\n\n<div style=\"height:20px\" aria-hidden=\"true\" class=\"wp-block-spacer\"><\/div>\n\n\n\n<h2 class=\"wp-block-heading titre2\">Vid\u00e9os<\/h2>\n\n\n\n<div class=\"wp-block-columns videos-block is-layout-flex wp-container-core-columns-is-layout-9d6595d7 wp-block-columns-is-layout-flex\">\n<div class=\"wp-block-column is-layout-flow wp-block-column-is-layout-flow\">\n<figure class=\"wp-block-embed is-type-video is-provider-youtube wp-block-embed-youtube wp-embed-aspect-16-9 wp-has-aspect-ratio\"><div class=\"wp-block-embed__wrapper\">\n<iframe loading=\"lazy\" title=\"COPYLEFT - teaser officiel - Cie NDE Nicanor de Elia\" width=\"900\" height=\"506\" src=\"https:\/\/www.youtube.com\/embed\/Y0l-V1YwrCY?feature=oembed\" frameborder=\"0\" allow=\"accelerometer; autoplay; clipboard-write; encrypted-media; gyroscope; picture-in-picture; web-share\" referrerpolicy=\"strict-origin-when-cross-origin\" allowfullscreen><\/iframe>\n<\/div><\/figure>\n<\/div>\n\n\n\n<div class=\"wp-block-column is-layout-flow wp-block-column-is-layout-flow\"><\/div>\n<\/div>\n\n\n\n<h2 class=\"wp-block-heading titre2\">Photos<\/h2>\n\n\n\n<figure class=\"wp-block-gallery has-nested-images columns-3 wp-block-gallery-1 is-layout-flex wp-block-gallery-is-layout-flex\">\n<figure class=\"wp-block-image size-large\"><img loading=\"lazy\" decoding=\"async\" width=\"1050\" height=\"700\" data-id=\"5987\" src=\"https:\/\/nicanordeelia.com\/wp-content\/uploads\/2020\/11\/20200724_MIT_20_00_copyleft.jpg\" alt=\"\" class=\"wp-image-5987\" srcset=\"https:\/\/nicanordeelia.com\/wp-content\/uploads\/2020\/11\/20200724_MIT_20_00_copyleft.jpg 1050w, https:\/\/nicanordeelia.com\/wp-content\/uploads\/2020\/11\/20200724_MIT_20_00_copyleft-300x200.jpg 300w, https:\/\/nicanordeelia.com\/wp-content\/uploads\/2020\/11\/20200724_MIT_20_00_copyleft-768x512.jpg 768w\" sizes=\"auto, (max-width: 1050px) 100vw, 1050px\" \/><\/figure>\n\n\n\n<figure class=\"wp-block-image size-large\"><img loading=\"lazy\" decoding=\"async\" width=\"1115\" height=\"743\" data-id=\"50587\" src=\"https:\/\/nicanordeelia.com\/wp-content\/uploads\/2022\/03\/MG_8071-1115x743.jpg\" alt=\"\" class=\"wp-image-50587\" srcset=\"https:\/\/nicanordeelia.com\/wp-content\/uploads\/2022\/03\/MG_8071-1115x743.jpg 1115w, https:\/\/nicanordeelia.com\/wp-content\/uploads\/2022\/03\/MG_8071-300x200.jpg 300w, https:\/\/nicanordeelia.com\/wp-content\/uploads\/2022\/03\/MG_8071-768x512.jpg 768w, https:\/\/nicanordeelia.com\/wp-content\/uploads\/2022\/03\/MG_8071-1536x1024.jpg 1536w, https:\/\/nicanordeelia.com\/wp-content\/uploads\/2022\/03\/MG_8071-2048x1365.jpg 2048w\" sizes=\"auto, (max-width: 1115px) 100vw, 1115px\" \/><\/figure>\n\n\n\n<figure class=\"wp-block-image size-large\"><img loading=\"lazy\" decoding=\"async\" width=\"1050\" height=\"700\" data-id=\"5993\" src=\"https:\/\/nicanordeelia.com\/wp-content\/uploads\/2020\/11\/20200724_MIT_20_20_copyleft.jpg\" alt=\"\" class=\"wp-image-5993\" srcset=\"https:\/\/nicanordeelia.com\/wp-content\/uploads\/2020\/11\/20200724_MIT_20_20_copyleft.jpg 1050w, https:\/\/nicanordeelia.com\/wp-content\/uploads\/2020\/11\/20200724_MIT_20_20_copyleft-300x200.jpg 300w, https:\/\/nicanordeelia.com\/wp-content\/uploads\/2020\/11\/20200724_MIT_20_20_copyleft-768x512.jpg 768w\" sizes=\"auto, (max-width: 1050px) 100vw, 1050px\" \/><\/figure>\n\n\n\n<figure class=\"wp-block-image size-large\"><img loading=\"lazy\" decoding=\"async\" width=\"1115\" height=\"743\" data-id=\"148704\" src=\"https:\/\/nicanordeelia.com\/wp-content\/uploads\/2023\/09\/09092023CaroLineM0081_DSC0683-1115x743.jpeg\" alt=\"\" class=\"wp-image-148704\" srcset=\"https:\/\/nicanordeelia.com\/wp-content\/uploads\/2023\/09\/09092023CaroLineM0081_DSC0683-1115x743.jpeg 1115w, https:\/\/nicanordeelia.com\/wp-content\/uploads\/2023\/09\/09092023CaroLineM0081_DSC0683-300x200.jpeg 300w, https:\/\/nicanordeelia.com\/wp-content\/uploads\/2023\/09\/09092023CaroLineM0081_DSC0683-768x512.jpeg 768w, https:\/\/nicanordeelia.com\/wp-content\/uploads\/2023\/09\/09092023CaroLineM0081_DSC0683.jpeg 1280w\" sizes=\"auto, (max-width: 1115px) 100vw, 1115px\" \/><\/figure>\n\n\n\n<figure class=\"wp-block-image size-large\"><img loading=\"lazy\" decoding=\"async\" width=\"1115\" height=\"743\" data-id=\"165901\" src=\"http:\/\/nicanordeelia.com\/wp-content\/uploads\/2023\/12\/53167897751_5031a5e8a3_o-1115x743.jpg\" alt=\"\" class=\"wp-image-165901\" srcset=\"https:\/\/nicanordeelia.com\/wp-content\/uploads\/2023\/12\/53167897751_5031a5e8a3_o-1115x743.jpg 1115w, https:\/\/nicanordeelia.com\/wp-content\/uploads\/2023\/12\/53167897751_5031a5e8a3_o-300x200.jpg 300w, https:\/\/nicanordeelia.com\/wp-content\/uploads\/2023\/12\/53167897751_5031a5e8a3_o-768x512.jpg 768w, https:\/\/nicanordeelia.com\/wp-content\/uploads\/2023\/12\/53167897751_5031a5e8a3_o-1536x1024.jpg 1536w, https:\/\/nicanordeelia.com\/wp-content\/uploads\/2023\/12\/53167897751_5031a5e8a3_o-2048x1366.jpg 2048w\" sizes=\"auto, (max-width: 1115px) 100vw, 1115px\" \/><\/figure>\n\n\n\n<figure class=\"wp-block-image size-large\"><img loading=\"lazy\" decoding=\"async\" width=\"1050\" height=\"700\" data-id=\"5994\" src=\"https:\/\/nicanordeelia.com\/wp-content\/uploads\/2020\/11\/20200724_MIT_20_23_copyleft.jpg\" alt=\"\" class=\"wp-image-5994\" srcset=\"https:\/\/nicanordeelia.com\/wp-content\/uploads\/2020\/11\/20200724_MIT_20_23_copyleft.jpg 1050w, https:\/\/nicanordeelia.com\/wp-content\/uploads\/2020\/11\/20200724_MIT_20_23_copyleft-300x200.jpg 300w, https:\/\/nicanordeelia.com\/wp-content\/uploads\/2020\/11\/20200724_MIT_20_23_copyleft-768x512.jpg 768w\" sizes=\"auto, (max-width: 1050px) 100vw, 1050px\" \/><\/figure>\n\n\n\n<figure class=\"wp-block-image size-large\"><img loading=\"lazy\" decoding=\"async\" width=\"1115\" height=\"744\" data-id=\"165907\" src=\"https:\/\/nicanordeelia.com\/wp-content\/uploads\/2023\/12\/53335625634_ee99ff5cbc_o-1115x744.jpg\" alt=\"\" class=\"wp-image-165907\" srcset=\"https:\/\/nicanordeelia.com\/wp-content\/uploads\/2023\/12\/53335625634_ee99ff5cbc_o-1115x744.jpg 1115w, https:\/\/nicanordeelia.com\/wp-content\/uploads\/2023\/12\/53335625634_ee99ff5cbc_o-300x200.jpg 300w, https:\/\/nicanordeelia.com\/wp-content\/uploads\/2023\/12\/53335625634_ee99ff5cbc_o-768x513.jpg 768w, https:\/\/nicanordeelia.com\/wp-content\/uploads\/2023\/12\/53335625634_ee99ff5cbc_o-1536x1025.jpg 1536w, https:\/\/nicanordeelia.com\/wp-content\/uploads\/2023\/12\/53335625634_ee99ff5cbc_o-2048x1367.jpg 2048w\" sizes=\"auto, (max-width: 1115px) 100vw, 1115px\" \/><\/figure>\n\n\n\n<figure class=\"wp-block-image size-large\"><img loading=\"lazy\" decoding=\"async\" width=\"1050\" height=\"700\" data-id=\"5988\" src=\"https:\/\/nicanordeelia.com\/wp-content\/uploads\/2020\/11\/20200724_MIT_20_08_copyleft.jpg\" alt=\"\" class=\"wp-image-5988\" srcset=\"https:\/\/nicanordeelia.com\/wp-content\/uploads\/2020\/11\/20200724_MIT_20_08_copyleft.jpg 1050w, https:\/\/nicanordeelia.com\/wp-content\/uploads\/2020\/11\/20200724_MIT_20_08_copyleft-300x200.jpg 300w, https:\/\/nicanordeelia.com\/wp-content\/uploads\/2020\/11\/20200724_MIT_20_08_copyleft-768x512.jpg 768w\" sizes=\"auto, (max-width: 1050px) 100vw, 1050px\" \/><\/figure>\n\n\n\n<figure class=\"wp-block-image size-large\"><img loading=\"lazy\" decoding=\"async\" width=\"540\" height=\"360\" data-id=\"4182\" src=\"https:\/\/nicanordeelia.com\/wp-content\/uploads\/2020\/10\/metamorphoses_yser_sg-hd-c_studio7-87.jpg\" alt=\"\" class=\"wp-image-4182\" srcset=\"https:\/\/nicanordeelia.com\/wp-content\/uploads\/2020\/10\/metamorphoses_yser_sg-hd-c_studio7-87.jpg 540w, https:\/\/nicanordeelia.com\/wp-content\/uploads\/2020\/10\/metamorphoses_yser_sg-hd-c_studio7-87-300x200.jpg 300w\" sizes=\"auto, (max-width: 540px) 100vw, 540px\" \/><\/figure>\n\n\n\n<figure class=\"wp-block-image size-large\"><img loading=\"lazy\" decoding=\"async\" width=\"1050\" height=\"700\" data-id=\"5989\" src=\"https:\/\/nicanordeelia.com\/wp-content\/uploads\/2020\/11\/20200724_MIT_20_11_copyleft.jpg\" alt=\"\" class=\"wp-image-5989\" srcset=\"https:\/\/nicanordeelia.com\/wp-content\/uploads\/2020\/11\/20200724_MIT_20_11_copyleft.jpg 1050w, https:\/\/nicanordeelia.com\/wp-content\/uploads\/2020\/11\/20200724_MIT_20_11_copyleft-300x200.jpg 300w, https:\/\/nicanordeelia.com\/wp-content\/uploads\/2020\/11\/20200724_MIT_20_11_copyleft-768x512.jpg 768w\" sizes=\"auto, (max-width: 1050px) 100vw, 1050px\" \/><\/figure>\n\n\n\n<figure class=\"wp-block-image size-large\"><img loading=\"lazy\" decoding=\"async\" width=\"1115\" height=\"743\" data-id=\"148707\" src=\"https:\/\/nicanordeelia.com\/wp-content\/uploads\/2023\/09\/09092023CaroLineM0042_DSC0309-1115x743.jpeg\" alt=\"\" class=\"wp-image-148707\" srcset=\"https:\/\/nicanordeelia.com\/wp-content\/uploads\/2023\/09\/09092023CaroLineM0042_DSC0309-1115x743.jpeg 1115w, https:\/\/nicanordeelia.com\/wp-content\/uploads\/2023\/09\/09092023CaroLineM0042_DSC0309-300x200.jpeg 300w, https:\/\/nicanordeelia.com\/wp-content\/uploads\/2023\/09\/09092023CaroLineM0042_DSC0309-768x512.jpeg 768w, https:\/\/nicanordeelia.com\/wp-content\/uploads\/2023\/09\/09092023CaroLineM0042_DSC0309.jpeg 1280w\" sizes=\"auto, (max-width: 1115px) 100vw, 1115px\" \/><\/figure>\n\n\n\n<figure class=\"wp-block-image size-large\"><img loading=\"lazy\" decoding=\"async\" width=\"1115\" height=\"743\" data-id=\"165902\" src=\"http:\/\/nicanordeelia.com\/wp-content\/uploads\/2023\/12\/53168387193_1bc75b272e_o-1115x743.jpg\" alt=\"\" class=\"wp-image-165902\" srcset=\"https:\/\/nicanordeelia.com\/wp-content\/uploads\/2023\/12\/53168387193_1bc75b272e_o-1115x743.jpg 1115w, https:\/\/nicanordeelia.com\/wp-content\/uploads\/2023\/12\/53168387193_1bc75b272e_o-300x200.jpg 300w, https:\/\/nicanordeelia.com\/wp-content\/uploads\/2023\/12\/53168387193_1bc75b272e_o-768x512.jpg 768w, https:\/\/nicanordeelia.com\/wp-content\/uploads\/2023\/12\/53168387193_1bc75b272e_o-1536x1024.jpg 1536w, https:\/\/nicanordeelia.com\/wp-content\/uploads\/2023\/12\/53168387193_1bc75b272e_o-2048x1366.jpg 2048w\" sizes=\"auto, (max-width: 1115px) 100vw, 1115px\" \/><\/figure>\n\n\n\n<figure class=\"wp-block-image size-large\"><img loading=\"lazy\" decoding=\"async\" width=\"1115\" height=\"743\" data-id=\"165900\" src=\"http:\/\/nicanordeelia.com\/wp-content\/uploads\/2023\/12\/53284599693_250b6415f9_o-1115x743.jpg\" alt=\"\" class=\"wp-image-165900\" srcset=\"https:\/\/nicanordeelia.com\/wp-content\/uploads\/2023\/12\/53284599693_250b6415f9_o-1115x743.jpg 1115w, https:\/\/nicanordeelia.com\/wp-content\/uploads\/2023\/12\/53284599693_250b6415f9_o-300x200.jpg 300w, https:\/\/nicanordeelia.com\/wp-content\/uploads\/2023\/12\/53284599693_250b6415f9_o-768x512.jpg 768w, https:\/\/nicanordeelia.com\/wp-content\/uploads\/2023\/12\/53284599693_250b6415f9_o-1536x1024.jpg 1536w, https:\/\/nicanordeelia.com\/wp-content\/uploads\/2023\/12\/53284599693_250b6415f9_o-2048x1365.jpg 2048w\" sizes=\"auto, (max-width: 1115px) 100vw, 1115px\" \/><\/figure>\n\n\n\n<figure class=\"wp-block-image size-large\"><img loading=\"lazy\" decoding=\"async\" width=\"1115\" height=\"743\" data-id=\"165899\" src=\"http:\/\/nicanordeelia.com\/wp-content\/uploads\/2023\/12\/COPYLEFT_JonaHarnischmacherCircusbende-equipe2-1115x743.jpg\" alt=\"\" class=\"wp-image-165899\" srcset=\"https:\/\/nicanordeelia.com\/wp-content\/uploads\/2023\/12\/COPYLEFT_JonaHarnischmacherCircusbende-equipe2-1115x743.jpg 1115w, https:\/\/nicanordeelia.com\/wp-content\/uploads\/2023\/12\/COPYLEFT_JonaHarnischmacherCircusbende-equipe2-300x200.jpg 300w, https:\/\/nicanordeelia.com\/wp-content\/uploads\/2023\/12\/COPYLEFT_JonaHarnischmacherCircusbende-equipe2-768x512.jpg 768w, https:\/\/nicanordeelia.com\/wp-content\/uploads\/2023\/12\/COPYLEFT_JonaHarnischmacherCircusbende-equipe2-1536x1024.jpg 1536w, https:\/\/nicanordeelia.com\/wp-content\/uploads\/2023\/12\/COPYLEFT_JonaHarnischmacherCircusbende-equipe2-2048x1366.jpg 2048w\" sizes=\"auto, (max-width: 1115px) 100vw, 1115px\" \/><\/figure>\n\n\n\n<figure class=\"wp-block-image size-large\"><img loading=\"lazy\" decoding=\"async\" width=\"1115\" height=\"743\" data-id=\"50599\" src=\"https:\/\/nicanordeelia.com\/wp-content\/uploads\/2022\/03\/MG_8149-1115x743.jpg\" alt=\"\" class=\"wp-image-50599\" srcset=\"https:\/\/nicanordeelia.com\/wp-content\/uploads\/2022\/03\/MG_8149-1115x743.jpg 1115w, https:\/\/nicanordeelia.com\/wp-content\/uploads\/2022\/03\/MG_8149-300x200.jpg 300w, https:\/\/nicanordeelia.com\/wp-content\/uploads\/2022\/03\/MG_8149-768x512.jpg 768w, https:\/\/nicanordeelia.com\/wp-content\/uploads\/2022\/03\/MG_8149-1536x1024.jpg 1536w, https:\/\/nicanordeelia.com\/wp-content\/uploads\/2022\/03\/MG_8149-2048x1365.jpg 2048w\" sizes=\"auto, (max-width: 1115px) 100vw, 1115px\" \/><\/figure>\n<\/figure>\n\n\n\n<div style=\"height:20px\" aria-hidden=\"true\" class=\"wp-block-spacer\"><\/div>\n\n\n\n<h2 class=\"wp-block-heading titre2\">Distribution<\/h2>\n\n\n\n<p><strong>Direction, mise en sc\u00e8ne et chor\u00e9graphie<\/strong>\u00a0: Nicanor de Elia<br><strong>Interpr\u00e9tation :<\/strong> Juan Duarte, Lucas Castelo Branco ou Thibault Michel, Nahuel Desanto ou Enrique Rosenman, Gonzalo Fernandez,\u00a0Walid El Yafi<br><strong>Cr\u00e9ation sonore : <\/strong>Giovanni di Domenico<\/p>\n\n\n\n<div style=\"height:20px\" aria-hidden=\"true\" class=\"wp-block-spacer\"><\/div>\n\n\n\n<h2 class=\"wp-block-heading titre2\">Co-productions et accueil en r\u00e9sidence<\/h2>\n\n\n\n<p><a rel=\"noreferrer noopener\" href=\"https:\/\/www.theateropdemarkt.be\" target=\"_blank\">Theater op de Markt &#8211; Dommelhof<\/a> (BE)<br><a rel=\"noreferrer noopener\" href=\"https:\/\/liegetogether.be\" target=\"_blank\">Li\u00e8getogether<\/a> (BE)<br><a rel=\"noreferrer noopener\" href=\"http:\/\/maisondesjonglages.fr\/fr\" target=\"_blank\">Maison des Jonglages<\/a> (FR)<br><a rel=\"noreferrer noopener\" href=\"https:\/\/la-grainerie.net\" target=\"_blank\">La Grainerie<\/a> (FR)<br><a href=\"https:\/\/latitude50.be\" target=\"_blank\" rel=\"noreferrer noopener\">Latitude 50 <\/a>(BE)<br><a href=\"http:\/\/www.garage29-offestival.be\/web\/\" target=\"_blank\" rel=\"noreferrer noopener\">Garage29 <\/a>(BE)<br><a href=\"https:\/\/www.festivalmirabilia.it\/associazione-ideagora\" target=\"_blank\" rel=\"noreferrer noopener\">Mirabilia Festival, Associazione Culturale ideAgor\u00e0<\/a> (IT)<br><a href=\"https:\/\/www.mamimo.it\" target=\"_blank\" rel=\"noreferrer noopener\">Centro Teatrale MaMim\u00f2 \u2013 Festival Dinamico<\/a> (IT)<br>&nbsp;<\/p>\n\n\n\n<figure class=\"wp-block-gallery has-nested-images columns-8 logos-img wp-block-gallery-2 is-layout-flex wp-block-gallery-is-layout-flex\">\n<figure class=\"wp-block-image size-large\"><img loading=\"lazy\" decoding=\"async\" width=\"600\" height=\"399\" data-id=\"4730\" src=\"https:\/\/nicanordeelia.com\/wp-content\/uploads\/2020\/10\/logo.jpg\" alt=\"\" class=\"wp-image-4730\" srcset=\"https:\/\/nicanordeelia.com\/wp-content\/uploads\/2020\/10\/logo.jpg 600w, https:\/\/nicanordeelia.com\/wp-content\/uploads\/2020\/10\/logo-300x200.jpg 300w\" sizes=\"auto, (max-width: 600px) 100vw, 600px\" \/><\/figure>\n\n\n\n<figure class=\"wp-block-image size-large\"><img loading=\"lazy\" decoding=\"async\" width=\"525\" height=\"232\" data-id=\"4737\" src=\"https:\/\/nicanordeelia.com\/wp-content\/uploads\/2020\/10\/liege-together.jpg\" alt=\"\" class=\"wp-image-4737\" srcset=\"https:\/\/nicanordeelia.com\/wp-content\/uploads\/2020\/10\/liege-together.jpg 525w, https:\/\/nicanordeelia.com\/wp-content\/uploads\/2020\/10\/liege-together-300x133.jpg 300w\" sizes=\"auto, (max-width: 525px) 100vw, 525px\" \/><\/figure>\n\n\n\n<figure class=\"wp-block-image size-large\"><img loading=\"lazy\" decoding=\"async\" width=\"509\" height=\"186\" data-id=\"4742\" src=\"https:\/\/nicanordeelia.com\/wp-content\/uploads\/2020\/10\/MaisondesJonglages-Banniere-1.jpg\" alt=\"\" class=\"wp-image-4742\" srcset=\"https:\/\/nicanordeelia.com\/wp-content\/uploads\/2020\/10\/MaisondesJonglages-Banniere-1.jpg 509w, https:\/\/nicanordeelia.com\/wp-content\/uploads\/2020\/10\/MaisondesJonglages-Banniere-1-300x110.jpg 300w\" sizes=\"auto, (max-width: 509px) 100vw, 509px\" \/><\/figure>\n\n\n\n<figure class=\"wp-block-image size-large\"><img loading=\"lazy\" decoding=\"async\" width=\"390\" height=\"320\" data-id=\"4728\" src=\"https:\/\/nicanordeelia.com\/wp-content\/uploads\/2020\/10\/LG-Logo.png\" alt=\"\" class=\"wp-image-4728\" srcset=\"https:\/\/nicanordeelia.com\/wp-content\/uploads\/2020\/10\/LG-Logo.png 390w, https:\/\/nicanordeelia.com\/wp-content\/uploads\/2020\/10\/LG-Logo-300x246.png 300w\" sizes=\"auto, (max-width: 390px) 100vw, 390px\" \/><\/figure>\n\n\n\n<figure class=\"wp-block-image size-large\"><img loading=\"lazy\" decoding=\"async\" width=\"252\" height=\"102\" data-id=\"4733\" src=\"https:\/\/nicanordeelia.com\/wp-content\/uploads\/2020\/10\/xlogo2012_Rouge_Pole3-oc0cq03df2eaw4q4sexxzk6iinn5rtkjvx9h2xtbzw.png.pagespeed.ic_.qhHezo919-.png\" alt=\"\" class=\"wp-image-4733\" srcset=\"https:\/\/nicanordeelia.com\/wp-content\/uploads\/2020\/10\/xlogo2012_Rouge_Pole3-oc0cq03df2eaw4q4sexxzk6iinn5rtkjvx9h2xtbzw.png.pagespeed.ic_.qhHezo919-.png 252w, https:\/\/nicanordeelia.com\/wp-content\/uploads\/2020\/10\/xlogo2012_Rouge_Pole3-oc0cq03df2eaw4q4sexxzk6iinn5rtkjvx9h2xtbzw.png.pagespeed.ic_.qhHezo919--249x102.png 249w\" sizes=\"auto, (max-width: 252px) 100vw, 252px\" \/><\/figure>\n\n\n\n<figure class=\"wp-block-image size-large\"><img loading=\"lazy\" decoding=\"async\" width=\"234\" height=\"47\" data-id=\"4732\" src=\"https:\/\/nicanordeelia.com\/wp-content\/uploads\/2020\/10\/logogarage29.gif\" alt=\"\" class=\"wp-image-4732\"\/><\/figure>\n\n\n\n<figure class=\"wp-block-image size-large\"><img loading=\"lazy\" decoding=\"async\" width=\"133\" height=\"87\" data-id=\"4731\" src=\"https:\/\/nicanordeelia.com\/wp-content\/uploads\/2020\/10\/logo5.png\" alt=\"\" class=\"wp-image-4731\"\/><\/figure>\n\n\n\n<figure class=\"wp-block-image size-large\"><img loading=\"lazy\" decoding=\"async\" width=\"340\" height=\"340\" data-id=\"4729\" src=\"https:\/\/nicanordeelia.com\/wp-content\/uploads\/2020\/10\/Logo-mirabilia-2020.png\" alt=\"\" class=\"wp-image-4729\" srcset=\"https:\/\/nicanordeelia.com\/wp-content\/uploads\/2020\/10\/Logo-mirabilia-2020.png 340w, https:\/\/nicanordeelia.com\/wp-content\/uploads\/2020\/10\/Logo-mirabilia-2020-300x300.png 300w, https:\/\/nicanordeelia.com\/wp-content\/uploads\/2020\/10\/Logo-mirabilia-2020-150x150.png 150w\" sizes=\"auto, (max-width: 340px) 100vw, 340px\" \/><\/figure>\n<\/figure>\n\n\n\n<div style=\"height:20px\" aria-hidden=\"true\" class=\"wp-block-spacer\"><\/div>\n\n\n\n<h2 class=\"wp-block-heading titre2\"><a href=\"https:\/\/nicanordeelia.com\/presse\/\" data-type=\"URL\" data-id=\"https:\/\/nicanordeelia.com\/presse\/\">Revue de presse<\/a><\/h2>\n\n\n\n<p><\/p>\n\n\n\n<div style=\"height:20px\" aria-hidden=\"true\" class=\"wp-block-spacer\"><\/div>\n\n\n\n<h2 class=\"wp-block-heading titre2\"><a href=\"http:\/\/nicanordeelia.com\/agenda\/\" data-type=\"page\" data-id=\"392\">Agenda<\/a><\/h2>\n\n\n\n<p><a href=\"http:\/\/nicanordeelia.com\/agenda\/\" data-type=\"page\" data-id=\"392\">Dates et \u00e9v\u00e9nements<\/a><\/p>\n\n\n\n<div style=\"height:20px\" aria-hidden=\"true\" class=\"wp-block-spacer\"><\/div>\n\n\n\n<p><\/p>\n\n\n\n<div style=\"height:20px\" aria-hidden=\"true\" class=\"wp-block-spacer\"><\/div>\n\n\n\n<div style=\"height:100px\" aria-hidden=\"true\" class=\"wp-block-spacer\"><\/div>\n\n\n\n<p><\/p>\n\n\n","protected":false},"excerpt":{"rendered":"<p>Mention sp\u00e9ciale : premier prix du meilleur spectacle de rue &#8211; FETEN Gij\u00f3n &#8211; Xix\u00f3n\u00a02022 Spectacle labellis\u00e9 Olympiade Culturelle &#8211; Paris 2024 Copyleft est une tornade de jonglage dans\u00e9 de 45mns avec une bonne dose d&#8217;humour et diverses \u00e9vocations&nbsp;au&nbsp;sport, avec une distribution artistique compos\u00e9e d&#8217;une authentique \u00abdream team\u00bb de diverses nationalit\u00e9s que sont Juan Duarte [&hellip;]<\/p>\n","protected":false},"author":1,"featured_media":0,"parent":0,"menu_order":0,"comment_status":"closed","ping_status":"closed","template":"","meta":{"footnotes":""},"class_list":["post-3783","page","type-page","status-publish","hentry"],"_links":{"self":[{"href":"https:\/\/nicanordeelia.com\/es\/wp-json\/wp\/v2\/pages\/3783","targetHints":{"allow":["GET"]}}],"collection":[{"href":"https:\/\/nicanordeelia.com\/es\/wp-json\/wp\/v2\/pages"}],"about":[{"href":"https:\/\/nicanordeelia.com\/es\/wp-json\/wp\/v2\/types\/page"}],"author":[{"embeddable":true,"href":"https:\/\/nicanordeelia.com\/es\/wp-json\/wp\/v2\/users\/1"}],"replies":[{"embeddable":true,"href":"https:\/\/nicanordeelia.com\/es\/wp-json\/wp\/v2\/comments?post=3783"}],"version-history":[{"count":50,"href":"https:\/\/nicanordeelia.com\/es\/wp-json\/wp\/v2\/pages\/3783\/revisions"}],"predecessor-version":[{"id":381962,"href":"https:\/\/nicanordeelia.com\/es\/wp-json\/wp\/v2\/pages\/3783\/revisions\/381962"}],"wp:attachment":[{"href":"https:\/\/nicanordeelia.com\/es\/wp-json\/wp\/v2\/media?parent=3783"}],"curies":[{"name":"wp","href":"https:\/\/api.w.org\/{rel}","templated":true}]}}