{"id":3514,"date":"2020-10-09T09:27:41","date_gmt":"2020-10-09T07:27:41","guid":{"rendered":"http:\/\/nicanordeelia.com\/?page_id=3514"},"modified":"2024-10-09T16:36:45","modified_gmt":"2024-10-09T14:36:45","slug":"juventud","status":"publish","type":"page","link":"https:\/\/nicanordeelia.com\/es\/juventud\/","title":{"rendered":"Juventud"},"content":{"rendered":"\n<p style=\"font-size:19px\"><em><mark style=\"background-color:rgba(0, 0, 0, 0);color:#ccac2e\" class=\"has-inline-color\">Prix du jury pour l&#8217;innovation &#8211; Festival Mondial du Cirque de Demain 2023 &#8211; extrait <\/mark><\/em><\/p>\n\n\n\n<p>Spectacle de \u00ab danse-jonglage \u00bb, <em>JUVENTUD <\/em>s\u2019appuie sur la physicalit\u00e9 circassienne pour mettre en danse un groupe de cinq jongleurs.&nbsp;\u00ab<em>JUVENTUD<\/em>&nbsp;Manifeste jongl\u00e9\u00bb se veut une manifestation progressive de la libert\u00e9 dans le mouvement, dans la circulation, o\u00f9 la beaut\u00e9 ne se cherche pas dans l\u2019ordre et la perfection, mais dans une complexit\u00e9 b\u00e2tarde o\u00f9 l\u2019individuel n\u2019efface pas le groupe \u2013 et inversement.<\/p>\n\n\n\n<p>Avec la jeunesse comme point de d\u00e9part et le futur comme horizon \u00e0 recharger d\u2019\u00ab \u00e9nergies \u00bb porteuses,&nbsp;<em>\u00abJUVENTUD<\/em>&nbsp;Manifeste jongl\u00e9\u00bb vous embarque dans un jeu de variations \u00e0 cinq, une spirale ascendante o\u00f9 s\u2019entrem\u00ealent jonglerie, mouvement, son, lumi\u00e8re et vid\u00e9o.<\/p>\n\n\n\n<p>Sur un plateau blanc cadr\u00e9 de noir, cinq corps se cherchent, se perdent et s\u2019amusent \u00e0 se rattraper. Dans un rythme en crescendo, ils s\u2019affirment et se contaminent les uns les autres \u00e0 la recherche d\u2019une combinaison qui les aspirera dans une dynamique commune, \u00e0 la fois plurielle et partag\u00e9e.<\/p>\n\n\n\n<div style=\"height:20px\" aria-hidden=\"true\" class=\"wp-block-spacer\"><\/div>\n\n\n\n<h2 class=\"wp-block-heading titre2\">Vid\u00e9os<\/h2>\n\n\n\n<div class=\"wp-block-columns videos-block is-layout-flex wp-container-core-columns-is-layout-9d6595d7 wp-block-columns-is-layout-flex\">\n<div class=\"wp-block-column is-layout-flow wp-block-column-is-layout-flow\">\n<figure class=\"wp-block-embed is-type-video is-provider-youtube wp-block-embed-youtube wp-embed-aspect-16-9 wp-has-aspect-ratio\"><div class=\"wp-block-embed__wrapper\">\n<iframe loading=\"lazy\" title=\"JUVENTUD - Manifeste jongl\u00e9 - teaser officiel - Cie NDE Nicanor de Elia\" width=\"900\" height=\"506\" src=\"https:\/\/www.youtube.com\/embed\/w6r40_MV9uI?start=3&#038;feature=oembed\" frameborder=\"0\" allow=\"accelerometer; autoplay; clipboard-write; encrypted-media; gyroscope; picture-in-picture; web-share\" allowfullscreen><\/iframe>\n<\/div><\/figure>\n<\/div>\n\n\n\n<div class=\"wp-block-column is-layout-flow wp-block-column-is-layout-flow\">\n<figure class=\"wp-block-embed is-type-video is-provider-youtube wp-block-embed-youtube wp-embed-aspect-16-9 wp-has-aspect-ratio\"><div class=\"wp-block-embed__wrapper\">\n<iframe loading=\"lazy\" title=\"JUVENTUD - Extrait n\u00b01 - Iron Man\" width=\"900\" height=\"506\" src=\"https:\/\/www.youtube.com\/embed\/v33ofVwySRY?feature=oembed\" frameborder=\"0\" allow=\"accelerometer; autoplay; clipboard-write; encrypted-media; gyroscope; picture-in-picture; web-share\" allowfullscreen><\/iframe>\n<\/div><\/figure>\n\n\n\n<p><\/p>\n<\/div>\n<\/div>\n\n\n\n<h2 class=\"wp-block-heading titre2\">Photos<\/h2>\n\n\n\n<figure class=\"wp-block-gallery has-nested-images columns-default is-cropped wp-block-gallery-1 is-layout-flex wp-block-gallery-is-layout-flex\">\n<figure class=\"wp-block-image size-large\"><img loading=\"lazy\" decoding=\"async\" width=\"1050\" height=\"800\" data-id=\"5488\" src=\"https:\/\/nicanordeelia.com\/wp-content\/uploads\/2020\/11\/Juventud7.jpg\" alt=\"\" class=\"wp-image-5488\" srcset=\"https:\/\/nicanordeelia.com\/wp-content\/uploads\/2020\/11\/Juventud7.jpg 1050w, https:\/\/nicanordeelia.com\/wp-content\/uploads\/2020\/11\/Juventud7-300x229.jpg 300w, https:\/\/nicanordeelia.com\/wp-content\/uploads\/2020\/11\/Juventud7-768x585.jpg 768w\" sizes=\"auto, (max-width: 1050px) 100vw, 1050px\" \/><\/figure>\n\n\n\n<figure class=\"wp-block-image size-large\"><img loading=\"lazy\" decoding=\"async\" width=\"1050\" height=\"801\" data-id=\"5487\" src=\"https:\/\/nicanordeelia.com\/wp-content\/uploads\/2020\/11\/Juventud6.jpg\" alt=\"\" class=\"wp-image-5487\" srcset=\"https:\/\/nicanordeelia.com\/wp-content\/uploads\/2020\/11\/Juventud6.jpg 1050w, https:\/\/nicanordeelia.com\/wp-content\/uploads\/2020\/11\/Juventud6-300x229.jpg 300w, https:\/\/nicanordeelia.com\/wp-content\/uploads\/2020\/11\/Juventud6-768x586.jpg 768w\" sizes=\"auto, (max-width: 1050px) 100vw, 1050px\" \/><\/figure>\n\n\n\n<figure class=\"wp-block-image size-large\"><img loading=\"lazy\" decoding=\"async\" width=\"1050\" height=\"789\" data-id=\"5486\" src=\"https:\/\/nicanordeelia.com\/wp-content\/uploads\/2020\/11\/Juventud5.jpg\" alt=\"\" class=\"wp-image-5486\" srcset=\"https:\/\/nicanordeelia.com\/wp-content\/uploads\/2020\/11\/Juventud5.jpg 1050w, https:\/\/nicanordeelia.com\/wp-content\/uploads\/2020\/11\/Juventud5-300x225.jpg 300w, https:\/\/nicanordeelia.com\/wp-content\/uploads\/2020\/11\/Juventud5-768x577.jpg 768w, https:\/\/nicanordeelia.com\/wp-content\/uploads\/2020\/11\/Juventud5-249x187.jpg 249w, https:\/\/nicanordeelia.com\/wp-content\/uploads\/2020\/11\/Juventud5-528x396.jpg 528w, https:\/\/nicanordeelia.com\/wp-content\/uploads\/2020\/11\/Juventud5-737x553.jpg 737w, https:\/\/nicanordeelia.com\/wp-content\/uploads\/2020\/11\/Juventud5-498x374.jpg 498w\" sizes=\"auto, (max-width: 1050px) 100vw, 1050px\" \/><\/figure>\n\n\n\n<figure class=\"wp-block-image size-large\"><img loading=\"lazy\" decoding=\"async\" width=\"1115\" height=\"840\" data-id=\"55792\" src=\"https:\/\/nicanordeelia.com\/wp-content\/uploads\/2022\/05\/juventud\u00a9francis-rodor-7-1115x840.jpg\" alt=\"\" class=\"wp-image-55792\" srcset=\"https:\/\/nicanordeelia.com\/wp-content\/uploads\/2022\/05\/juventud\u00a9francis-rodor-7-1115x840.jpg 1115w, https:\/\/nicanordeelia.com\/wp-content\/uploads\/2022\/05\/juventud\u00a9francis-rodor-7-300x226.jpg 300w, https:\/\/nicanordeelia.com\/wp-content\/uploads\/2022\/05\/juventud\u00a9francis-rodor-7-768x579.jpg 768w, https:\/\/nicanordeelia.com\/wp-content\/uploads\/2022\/05\/juventud\u00a9francis-rodor-7-1536x1157.jpg 1536w, https:\/\/nicanordeelia.com\/wp-content\/uploads\/2022\/05\/juventud\u00a9francis-rodor-7-2048x1543.jpg 2048w, https:\/\/nicanordeelia.com\/wp-content\/uploads\/2022\/05\/juventud\u00a9francis-rodor-7-249x187.jpg 249w, https:\/\/nicanordeelia.com\/wp-content\/uploads\/2022\/05\/juventud\u00a9francis-rodor-7-498x374.jpg 498w\" sizes=\"auto, (max-width: 1115px) 100vw, 1115px\" \/><\/figure>\n\n\n\n<figure class=\"wp-block-image size-large\"><img loading=\"lazy\" decoding=\"async\" width=\"1050\" height=\"799\" data-id=\"5484\" src=\"https:\/\/nicanordeelia.com\/wp-content\/uploads\/2020\/11\/Juventud3.jpg\" alt=\"\" class=\"wp-image-5484\" srcset=\"https:\/\/nicanordeelia.com\/wp-content\/uploads\/2020\/11\/Juventud3.jpg 1050w, https:\/\/nicanordeelia.com\/wp-content\/uploads\/2020\/11\/Juventud3-300x228.jpg 300w, https:\/\/nicanordeelia.com\/wp-content\/uploads\/2020\/11\/Juventud3-768x584.jpg 768w\" sizes=\"auto, (max-width: 1050px) 100vw, 1050px\" \/><\/figure>\n\n\n\n<figure class=\"wp-block-image size-large\"><img loading=\"lazy\" decoding=\"async\" width=\"1050\" height=\"800\" data-id=\"5482\" src=\"https:\/\/nicanordeelia.com\/wp-content\/uploads\/2020\/11\/Juventud2.jpg\" alt=\"\" class=\"wp-image-5482\" srcset=\"https:\/\/nicanordeelia.com\/wp-content\/uploads\/2020\/11\/Juventud2.jpg 1050w, https:\/\/nicanordeelia.com\/wp-content\/uploads\/2020\/11\/Juventud2-300x229.jpg 300w, https:\/\/nicanordeelia.com\/wp-content\/uploads\/2020\/11\/Juventud2-768x585.jpg 768w\" sizes=\"auto, (max-width: 1050px) 100vw, 1050px\" \/><\/figure>\n\n\n\n<figure class=\"wp-block-image size-large\"><img loading=\"lazy\" decoding=\"async\" width=\"1115\" height=\"680\" data-id=\"55800\" src=\"https:\/\/nicanordeelia.com\/wp-content\/uploads\/2022\/05\/1-JUVENTUD-officielle_2-1115x680.jpg\" alt=\"\" class=\"wp-image-55800\" srcset=\"https:\/\/nicanordeelia.com\/wp-content\/uploads\/2022\/05\/1-JUVENTUD-officielle_2-1115x680.jpg 1115w, https:\/\/nicanordeelia.com\/wp-content\/uploads\/2022\/05\/1-JUVENTUD-officielle_2-300x183.jpg 300w, https:\/\/nicanordeelia.com\/wp-content\/uploads\/2022\/05\/1-JUVENTUD-officielle_2-768x468.jpg 768w, https:\/\/nicanordeelia.com\/wp-content\/uploads\/2022\/05\/1-JUVENTUD-officielle_2-1536x937.jpg 1536w, https:\/\/nicanordeelia.com\/wp-content\/uploads\/2022\/05\/1-JUVENTUD-officielle_2-2048x1249.jpg 2048w\" sizes=\"auto, (max-width: 1115px) 100vw, 1115px\" \/><\/figure>\n<\/figure>\n\n\n\n<h2 class=\"wp-block-heading titre2\">Distribution<\/h2>\n\n\n\n<p><strong>Metteur en sc\u00e8ne &#8211; chor\u00e9graphe\u00a0:<\/strong> Nicanor De Elia<br><strong>Jongleurs &#8211; danseurs\u00a0:<\/strong> Juan Duarte Mateos, Lucas Castelo Branco ou Thibault Michel, Nahuel Desanto ou Enrique Rosenman, Gonzalo Rodriguez Fernandez, Walid El Yafi<br><strong>Dramaturge\u00a0: <\/strong>Olivier Hespel<br><strong>Cr\u00e9ateur sonore\u00a0: <\/strong>Giovanni di Domenico<br><strong>Cr\u00e9ation vid\u00e9o :<\/strong> Guillaume Bautista<br><strong>Cr\u00e9atrice lumi\u00e8re\u00a0: <\/strong>Florence Richard<br><strong>R\u00e9gie et<\/strong> <strong>Conduite lumi\u00e8re :<\/strong> Nicolas Zuraw<br><strong>Production-diffusion-administration :<\/strong> Luz Fernandez \/ Le Chalumeau<\/p>\n\n\n\n<div style=\"height:20px\" aria-hidden=\"true\" class=\"wp-block-spacer\"><\/div>\n\n\n\n<h2 class=\"wp-block-heading titre2\">Partenaires<\/h2>\n\n\n\n<p><strong>Une co-production de <a href=\"https:\/\/surmars.be\" target=\"_blank\" rel=\"noreferrer noopener\">Mars \u2013 Mons, arts de la sc\u00e8ne<\/a> (BE). <\/strong><\/p>\n\n\n\n<p><strong>Coproductions et accueils en r\u00e9sidence<\/strong><br><a rel=\"noreferrer noopener\" href=\"https:\/\/surmars.be\" target=\"_blank\">Mars \u2013 Mons, Arts de la sc\u00e8ne<\/a>&nbsp;(BE)<br><a rel=\"noreferrer noopener\" href=\"https:\/\/espace.catastrophe.be\" target=\"_blank\">Espace Catastrophe \u2013 Centre International de Cr\u00e9ation des Arts du Cirque&nbsp;<\/a>(BE)<br><a rel=\"noreferrer noopener\" href=\"https:\/\/upfestival.be\" target=\"_blank\">Festival UP! \u2013 Le Festival de CIRQUE(s) \u00e0 Bruxelles<\/a> (BE)<\/p>\n\n\n\n<figure class=\"wp-block-gallery has-nested-images columns-3 logos-img wp-block-gallery-2 is-layout-flex wp-block-gallery-is-layout-flex\">\n<figure class=\"wp-block-image size-full\"><img loading=\"lazy\" decoding=\"async\" width=\"924\" height=\"338\" data-id=\"4789\" src=\"https:\/\/nicanordeelia.com\/wp-content\/uploads\/2020\/10\/Capture-decran-2020-10-20-a-11.49.19.png\" alt=\"\" class=\"wp-image-4789\" srcset=\"https:\/\/nicanordeelia.com\/wp-content\/uploads\/2020\/10\/Capture-decran-2020-10-20-a-11.49.19.png 924w, https:\/\/nicanordeelia.com\/wp-content\/uploads\/2020\/10\/Capture-decran-2020-10-20-a-11.49.19-300x110.png 300w, https:\/\/nicanordeelia.com\/wp-content\/uploads\/2020\/10\/Capture-decran-2020-10-20-a-11.49.19-768x281.png 768w\" sizes=\"auto, (max-width: 924px) 100vw, 924px\" \/><\/figure>\n\n\n\n<figure class=\"wp-block-image size-full\"><img loading=\"lazy\" decoding=\"async\" width=\"1200\" height=\"630\" data-id=\"4785\" src=\"https:\/\/nicanordeelia.com\/wp-content\/uploads\/2020\/10\/LOGO-espace-catastrophe-noir-rouge.jpeg\" alt=\"\" class=\"wp-image-4785\" srcset=\"https:\/\/nicanordeelia.com\/wp-content\/uploads\/2020\/10\/LOGO-espace-catastrophe-noir-rouge.jpeg 1200w, https:\/\/nicanordeelia.com\/wp-content\/uploads\/2020\/10\/LOGO-espace-catastrophe-noir-rouge-300x158.jpeg 300w, https:\/\/nicanordeelia.com\/wp-content\/uploads\/2020\/10\/LOGO-espace-catastrophe-noir-rouge-1115x585.jpeg 1115w, https:\/\/nicanordeelia.com\/wp-content\/uploads\/2020\/10\/LOGO-espace-catastrophe-noir-rouge-768x403.jpeg 768w\" sizes=\"auto, (max-width: 1200px) 100vw, 1200px\" \/><\/figure>\n\n\n\n<figure class=\"wp-block-image size-full\"><img loading=\"lazy\" decoding=\"async\" width=\"408\" height=\"178\" data-id=\"4781\" src=\"https:\/\/nicanordeelia.com\/wp-content\/uploads\/2020\/10\/Logo-Saison-UP_mauve-orange.png\" alt=\"\" class=\"wp-image-4781\" srcset=\"https:\/\/nicanordeelia.com\/wp-content\/uploads\/2020\/10\/Logo-Saison-UP_mauve-orange.png 408w, https:\/\/nicanordeelia.com\/wp-content\/uploads\/2020\/10\/Logo-Saison-UP_mauve-orange-300x131.png 300w\" sizes=\"auto, (max-width: 408px) 100vw, 408px\" \/><\/figure>\n<\/figure>\n\n\n\n<div style=\"height:20px\" aria-hidden=\"true\" class=\"wp-block-spacer\"><\/div>\n\n\n\n<h2 class=\"wp-block-heading titre2\">Soutiens en production et accueils en r\u00e9sidence&nbsp;<\/h2>\n\n\n\n<p><a rel=\"noreferrer noopener\" href=\"https:\/\/www.theateropdemarkt.be\" target=\"_blank\">Theater Op de Markt-Dommelhof<\/a> (BE)<br><a rel=\"noreferrer noopener\" href=\"https:\/\/la-grainerie.net\" target=\"_blank\">La Grainerie \u2013 Fabrique des arts du cirque et de l\u2019itin\u00e9rance<\/a> (FR)<br><a rel=\"noreferrer noopener\" href=\"http:\/\/maisondesjonglages.fr\/fr\" target=\"_blank\">Maison des Jonglages<\/a>, sc\u00e8ne conventionn\u00e9e La Courneuve (FR)<br><a rel=\"noreferrer noopener\" href=\"https:\/\/www.circuscentrum.be\/fr\/\" target=\"_blank\">Circuscentrum<\/a>&nbsp;(BE)&nbsp;<br><a rel=\"noreferrer noopener\" href=\"https:\/\/latitude50.be\" target=\"_blank\">Latitude 50<\/a>&nbsp;(BE)&nbsp;<br><a rel=\"noreferrer noopener\" href=\"http:\/\/www.garage29-offestival.be\/web\/\" target=\"_blank\">Garage29<\/a> (BE)<br><a rel=\"noreferrer noopener\" href=\"https:\/\/www.toulouse.fr\/web\/cultures\/centres-culturels\/annuaire#\/annuaire-des-lieux\/52\/Centre%20culturel%20\u2013%20Th\u00e9\u00e2tre%20des%20Mazades%20?_k=aoew3r\" data-type=\"URL\" data-id=\"https:\/\/www.toulouse.fr\/web\/cultures\/centres-culturels\/annuaire#\/annuaire-des-lieux\/52\/Centre%20culturel%20\u2013%20Th\u00e9\u00e2tre%20des%20Mazades%20?_k=aoew3r\" target=\"_blank\">Centre culturel  &#8211; Th\u00e9\u00e2tre des Mazades<\/a> (FR)<br><a href=\"http:\/\/www.circa.auch.fr\/?lang=fr\" target=\"_blank\" rel=\"noreferrer noopener\">CIRCa &#8211; p\u00f4le National Cirque &#8211; Auch<\/a> (FR)<\/p>\n\n\n\n<figure class=\"wp-block-gallery has-nested-images columns-8 logos-img wp-block-gallery-3 is-layout-flex wp-block-gallery-is-layout-flex\">\n<figure class=\"wp-block-image size-full\"><img loading=\"lazy\" decoding=\"async\" width=\"600\" height=\"399\" data-id=\"4730\" src=\"https:\/\/nicanordeelia.com\/wp-content\/uploads\/2020\/10\/logo.jpg\" alt=\"\" class=\"wp-image-4730\" srcset=\"https:\/\/nicanordeelia.com\/wp-content\/uploads\/2020\/10\/logo.jpg 600w, https:\/\/nicanordeelia.com\/wp-content\/uploads\/2020\/10\/logo-300x200.jpg 300w\" sizes=\"auto, (max-width: 600px) 100vw, 600px\" \/><\/figure>\n\n\n\n<figure class=\"wp-block-image size-full\"><img loading=\"lazy\" decoding=\"async\" width=\"390\" height=\"320\" data-id=\"4728\" src=\"https:\/\/nicanordeelia.com\/wp-content\/uploads\/2020\/10\/LG-Logo.png\" alt=\"\" class=\"wp-image-4728\" srcset=\"https:\/\/nicanordeelia.com\/wp-content\/uploads\/2020\/10\/LG-Logo.png 390w, https:\/\/nicanordeelia.com\/wp-content\/uploads\/2020\/10\/LG-Logo-300x246.png 300w\" sizes=\"auto, (max-width: 390px) 100vw, 390px\" \/><\/figure>\n\n\n\n<figure class=\"wp-block-image size-full\"><img loading=\"lazy\" decoding=\"async\" width=\"509\" height=\"186\" data-id=\"4742\" src=\"https:\/\/nicanordeelia.com\/wp-content\/uploads\/2020\/10\/MaisondesJonglages-Banniere-1.jpg\" alt=\"\" class=\"wp-image-4742\" srcset=\"https:\/\/nicanordeelia.com\/wp-content\/uploads\/2020\/10\/MaisondesJonglages-Banniere-1.jpg 509w, https:\/\/nicanordeelia.com\/wp-content\/uploads\/2020\/10\/MaisondesJonglages-Banniere-1-300x110.jpg 300w\" sizes=\"auto, (max-width: 509px) 100vw, 509px\" \/><\/figure>\n\n\n\n<figure class=\"wp-block-image size-full\"><img loading=\"lazy\" decoding=\"async\" width=\"400\" height=\"189\" data-id=\"4779\" src=\"https:\/\/nicanordeelia.com\/wp-content\/uploads\/2020\/10\/logo_circuscentrum-400x189-1.png\" alt=\"\" class=\"wp-image-4779\" srcset=\"https:\/\/nicanordeelia.com\/wp-content\/uploads\/2020\/10\/logo_circuscentrum-400x189-1.png 400w, https:\/\/nicanordeelia.com\/wp-content\/uploads\/2020\/10\/logo_circuscentrum-400x189-1-300x142.png 300w\" sizes=\"auto, (max-width: 400px) 100vw, 400px\" \/><\/figure>\n\n\n\n<figure class=\"wp-block-image size-full\"><img loading=\"lazy\" decoding=\"async\" width=\"252\" height=\"102\" data-id=\"4733\" src=\"https:\/\/nicanordeelia.com\/wp-content\/uploads\/2020\/10\/xlogo2012_Rouge_Pole3-oc0cq03df2eaw4q4sexxzk6iinn5rtkjvx9h2xtbzw.png.pagespeed.ic_.qhHezo919-.png\" alt=\"\" class=\"wp-image-4733\" srcset=\"https:\/\/nicanordeelia.com\/wp-content\/uploads\/2020\/10\/xlogo2012_Rouge_Pole3-oc0cq03df2eaw4q4sexxzk6iinn5rtkjvx9h2xtbzw.png.pagespeed.ic_.qhHezo919-.png 252w, https:\/\/nicanordeelia.com\/wp-content\/uploads\/2020\/10\/xlogo2012_Rouge_Pole3-oc0cq03df2eaw4q4sexxzk6iinn5rtkjvx9h2xtbzw.png.pagespeed.ic_.qhHezo919--249x102.png 249w\" sizes=\"auto, (max-width: 252px) 100vw, 252px\" \/><\/figure>\n\n\n\n<figure class=\"wp-block-image size-full\"><img loading=\"lazy\" decoding=\"async\" width=\"234\" height=\"47\" data-id=\"4732\" src=\"https:\/\/nicanordeelia.com\/wp-content\/uploads\/2020\/10\/logogarage29.gif\" alt=\"\" class=\"wp-image-4732\"\/><\/figure>\n\n\n\n<figure class=\"wp-block-image size-full\"><img loading=\"lazy\" decoding=\"async\" width=\"3508\" height=\"803\" data-id=\"52616\" src=\"https:\/\/nicanordeelia.com\/wp-content\/uploads\/2022\/04\/LOGO-Couleur-RVB-MAZADES.png\" alt=\"\" class=\"wp-image-52616\" srcset=\"https:\/\/nicanordeelia.com\/wp-content\/uploads\/2022\/04\/LOGO-Couleur-RVB-MAZADES.png 3508w, https:\/\/nicanordeelia.com\/wp-content\/uploads\/2022\/04\/LOGO-Couleur-RVB-MAZADES-300x69.png 300w, https:\/\/nicanordeelia.com\/wp-content\/uploads\/2022\/04\/LOGO-Couleur-RVB-MAZADES-1115x255.png 1115w, https:\/\/nicanordeelia.com\/wp-content\/uploads\/2022\/04\/LOGO-Couleur-RVB-MAZADES-768x176.png 768w, https:\/\/nicanordeelia.com\/wp-content\/uploads\/2022\/04\/LOGO-Couleur-RVB-MAZADES-1536x352.png 1536w, https:\/\/nicanordeelia.com\/wp-content\/uploads\/2022\/04\/LOGO-Couleur-RVB-MAZADES-2048x469.png 2048w\" sizes=\"auto, (max-width: 3508px) 100vw, 3508px\" \/><\/figure>\n\n\n\n<figure class=\"wp-block-image size-full\"><img loading=\"lazy\" decoding=\"async\" width=\"278\" height=\"100\" data-id=\"49641\" src=\"https:\/\/nicanordeelia.com\/wp-content\/uploads\/2022\/03\/logo-circa.png\" alt=\"\" class=\"wp-image-49641\"\/><\/figure>\n<\/figure>\n\n\n\n<h2 class=\"wp-block-heading titre2\">Partenaires institutionnels<\/h2>\n\n\n\n<p><a rel=\"noreferrer noopener\" href=\"http:\/\/www.federation-wallonie-bruxelles.be\" target=\"_blank\">F\u00e9d\u00e9ration Wallonie-Bruxelles<\/a> &#8211; <a rel=\"noreferrer noopener\" href=\"https:\/\/www.culture.gouv.fr\/Regions\/Drac-Occitanie\" target=\"_blank\">DRAC Occitanie<\/a> &#8211; <a rel=\"noreferrer noopener\" href=\"https:\/\/www.laregion.fr\" target=\"_blank\">R\u00e9gion Occitanie<\/a> &#8211; <a rel=\"noreferrer noopener\" href=\"https:\/\/www.toulouse.fr\" target=\"_blank\">Ville de Toulouse<\/a> &#8211; <a rel=\"noreferrer noopener\" href=\"https:\/\/spedidam.fr\" target=\"_blank\">SPEDIDAM<\/a> &#8211; <a href=\"https:\/\/www.reseauenscene.fr\/association.html\">Occitanie en sc\u00e8ne<\/a><\/p>\n\n\n\n<figure class=\"wp-block-gallery has-nested-images columns-6 logos-img wp-block-gallery-4 is-layout-flex wp-block-gallery-is-layout-flex\">\n<figure class=\"wp-block-image size-full\"><img loading=\"lazy\" decoding=\"async\" width=\"512\" height=\"159\" data-id=\"5643\" src=\"https:\/\/nicanordeelia.com\/wp-content\/uploads\/2020\/11\/unnamed.png\" alt=\"\" class=\"wp-image-5643\" srcset=\"https:\/\/nicanordeelia.com\/wp-content\/uploads\/2020\/11\/unnamed.png 512w, https:\/\/nicanordeelia.com\/wp-content\/uploads\/2020\/11\/unnamed-300x93.png 300w\" sizes=\"auto, (max-width: 512px) 100vw, 512px\" \/><\/figure>\n\n\n\n<figure class=\"wp-block-image size-full\"><img loading=\"lazy\" decoding=\"async\" width=\"409\" height=\"316\" data-id=\"5646\" src=\"https:\/\/nicanordeelia.com\/wp-content\/uploads\/2020\/11\/LogoMCHP.png\" alt=\"\" class=\"wp-image-5646\" srcset=\"https:\/\/nicanordeelia.com\/wp-content\/uploads\/2020\/11\/LogoMCHP.png 409w, https:\/\/nicanordeelia.com\/wp-content\/uploads\/2020\/11\/LogoMCHP-300x232.png 300w\" sizes=\"auto, (max-width: 409px) 100vw, 409px\" \/><\/figure>\n\n\n\n<figure class=\"wp-block-image size-full\"><img loading=\"lazy\" decoding=\"async\" width=\"957\" height=\"426\" data-id=\"5641\" src=\"https:\/\/nicanordeelia.com\/wp-content\/uploads\/2020\/11\/Region-Occitanie.jpg\" alt=\"\" class=\"wp-image-5641\" srcset=\"https:\/\/nicanordeelia.com\/wp-content\/uploads\/2020\/11\/Region-Occitanie.jpg 957w, https:\/\/nicanordeelia.com\/wp-content\/uploads\/2020\/11\/Region-Occitanie-300x134.jpg 300w, https:\/\/nicanordeelia.com\/wp-content\/uploads\/2020\/11\/Region-Occitanie-768x342.jpg 768w\" sizes=\"auto, (max-width: 957px) 100vw, 957px\" \/><\/figure>\n\n\n\n<figure class=\"wp-block-image size-full\"><img loading=\"lazy\" decoding=\"async\" width=\"1280\" height=\"167\" data-id=\"5644\" src=\"https:\/\/nicanordeelia.com\/wp-content\/uploads\/2020\/11\/Logo_mairie_de_Toulouse.svg_.png\" alt=\"\" class=\"wp-image-5644\" srcset=\"https:\/\/nicanordeelia.com\/wp-content\/uploads\/2020\/11\/Logo_mairie_de_Toulouse.svg_.png 1280w, https:\/\/nicanordeelia.com\/wp-content\/uploads\/2020\/11\/Logo_mairie_de_Toulouse.svg_-300x39.png 300w, https:\/\/nicanordeelia.com\/wp-content\/uploads\/2020\/11\/Logo_mairie_de_Toulouse.svg_-1115x145.png 1115w, https:\/\/nicanordeelia.com\/wp-content\/uploads\/2020\/11\/Logo_mairie_de_Toulouse.svg_-768x100.png 768w\" sizes=\"auto, (max-width: 1280px) 100vw, 1280px\" \/><\/figure>\n\n\n\n<figure class=\"wp-block-image size-full\"><img loading=\"lazy\" decoding=\"async\" width=\"672\" height=\"319\" data-id=\"5642\" src=\"https:\/\/nicanordeelia.com\/wp-content\/uploads\/2020\/11\/SPEDIDAM-LOGO-2017.png\" alt=\"\" class=\"wp-image-5642\" srcset=\"https:\/\/nicanordeelia.com\/wp-content\/uploads\/2020\/11\/SPEDIDAM-LOGO-2017.png 672w, https:\/\/nicanordeelia.com\/wp-content\/uploads\/2020\/11\/SPEDIDAM-LOGO-2017-300x142.png 300w\" sizes=\"auto, (max-width: 672px) 100vw, 672px\" \/><\/figure>\n\n\n\n<figure class=\"wp-block-image size-full\"><img loading=\"lazy\" decoding=\"async\" width=\"440\" height=\"209\" data-id=\"49606\" src=\"https:\/\/nicanordeelia.com\/wp-content\/uploads\/2022\/03\/Logo-couleur-Occitanie-en-scene-1.png\" alt=\"\" class=\"wp-image-49606\" srcset=\"https:\/\/nicanordeelia.com\/wp-content\/uploads\/2022\/03\/Logo-couleur-Occitanie-en-scene-1.png 440w, https:\/\/nicanordeelia.com\/wp-content\/uploads\/2022\/03\/Logo-couleur-Occitanie-en-scene-1-300x143.png 300w\" sizes=\"auto, (max-width: 440px) 100vw, 440px\" \/><\/figure>\n<\/figure>\n\n\n\n<div style=\"height:20px\" aria-hidden=\"true\" class=\"wp-block-spacer\"><\/div>\n\n\n\n<h2 class=\"wp-block-heading titre2\"><a href=\"https:\/\/nicanordeelia.com\/presse\/\" data-type=\"URL\" data-id=\"https:\/\/nicanordeelia.com\/presse\/\">Revue de presse<\/a><\/h2>\n\n\n\n<div style=\"height:20px\" aria-hidden=\"true\" class=\"wp-block-spacer\"><\/div>\n\n\n\n<h2 class=\"wp-block-heading titre2\"><a href=\"http:\/\/nicanordeelia.com\/agenda\/\" data-type=\"page\" data-id=\"392\">Agenda<\/a><\/h2>\n\n\n\n<p><a href=\"http:\/\/nicanordeelia.com\/agenda\/\" data-type=\"page\" data-id=\"392\">Dates et \u00e9v\u00e9nements<\/a><\/p>\n\n\n\n<div style=\"height:20px\" aria-hidden=\"true\" class=\"wp-block-spacer\"><\/div>\n\n\n\n<p><\/p>\n\n\n\n<div style=\"height:20px\" aria-hidden=\"true\" class=\"wp-block-spacer\"><\/div>\n\n\n\n<div style=\"height:100px\" aria-hidden=\"true\" class=\"wp-block-spacer\"><\/div>\n\n\n\n<p><\/p>\n","protected":false},"excerpt":{"rendered":"<p>Prix du jury pour l&#8217;innovation &#8211; Festival Mondial du Cirque de Demain 2023 &#8211; extrait Spectacle de \u00ab danse-jonglage \u00bb, JUVENTUD s\u2019appuie sur la physicalit\u00e9 circassienne pour mettre en danse un groupe de cinq jongleurs.&nbsp;\u00abJUVENTUD&nbsp;Manifeste jongl\u00e9\u00bb se veut une manifestation progressive de la libert\u00e9 dans le mouvement, dans la circulation, o\u00f9 la beaut\u00e9 ne se [&hellip;]<\/p>\n","protected":false},"author":1,"featured_media":0,"parent":0,"menu_order":0,"comment_status":"closed","ping_status":"closed","template":"","meta":{"footnotes":""},"class_list":["post-3514","page","type-page","status-publish","hentry"],"_links":{"self":[{"href":"https:\/\/nicanordeelia.com\/es\/wp-json\/wp\/v2\/pages\/3514","targetHints":{"allow":["GET"]}}],"collection":[{"href":"https:\/\/nicanordeelia.com\/es\/wp-json\/wp\/v2\/pages"}],"about":[{"href":"https:\/\/nicanordeelia.com\/es\/wp-json\/wp\/v2\/types\/page"}],"author":[{"embeddable":true,"href":"https:\/\/nicanordeelia.com\/es\/wp-json\/wp\/v2\/users\/1"}],"replies":[{"embeddable":true,"href":"https:\/\/nicanordeelia.com\/es\/wp-json\/wp\/v2\/comments?post=3514"}],"version-history":[{"count":71,"href":"https:\/\/nicanordeelia.com\/es\/wp-json\/wp\/v2\/pages\/3514\/revisions"}],"predecessor-version":[{"id":381955,"href":"https:\/\/nicanordeelia.com\/es\/wp-json\/wp\/v2\/pages\/3514\/revisions\/381955"}],"wp:attachment":[{"href":"https:\/\/nicanordeelia.com\/es\/wp-json\/wp\/v2\/media?parent=3514"}],"curies":[{"name":"wp","href":"https:\/\/api.w.org\/{rel}","templated":true}]}}