{"id":2721,"date":"2020-09-29T13:33:52","date_gmt":"2020-09-29T11:33:52","guid":{"rendered":"http:\/\/nicanordeelia.com\/?page_id=2721"},"modified":"2026-04-15T14:26:59","modified_gmt":"2026-04-15T12:26:59","slug":"contact","status":"publish","type":"page","link":"https:\/\/nicanordeelia.com\/es\/contact\/","title":{"rendered":"Contact"},"content":{"rendered":"\n<p><strong>Newsletter : <\/strong>Si vous d\u00e9sirez vous abonner \u00e0 notre newsletter afin de suivre les actualit\u00e9s de la compagnie, il vous suffit d&#8217;envoyer un mail \u00e0 <a href=\"mailto:production@nicanordeelia.com\" data-type=\"mailto\" data-id=\"mailto:production@nicanordeelia.com\">production@nicanordeelia.com<\/a>  <\/p>\n\n\n\n<h1 class=\"wp-block-heading collab2\">Diffusion &#8211; Production<\/h1>\n\n\n\n<div class=\"wp-block-columns is-layout-flex wp-container-core-columns-is-layout-9d6595d7 wp-block-columns-is-layout-flex\">\n<div class=\"wp-block-column is-layout-flow wp-block-column-is-layout-flow\">\n<p><\/p>\n\n\n\n<p class=\"has-text-align-center\">FRANCE et INTERNATIONAL<br><a href=\"mailto:production@nicanordeelia.com\">production@nicanordeelia.com<\/a><\/p>\n<\/div>\n\n\n\n<div class=\"wp-block-column is-layout-flow wp-block-column-is-layout-flow\">\n<p class=\"has-text-align-center\">ESPAGNE\/PORTUGAL<\/p>\n\n\n\n<p class=\"has-text-align-center\"><strong>Mar\u00eda Mari\u00f1o<\/strong> &#8211; <strong>Kandengue Arts <\/strong><br><a href=\"mailto:kandenguearts@gmail.com\">kandenguearts@gmail.com<\/a> +34 698147660<br><\/p>\n<\/div>\n<\/div>\n\n\n\n<p><\/p>\n\n\n\n<h1 class=\"wp-block-heading collab2\">Administration<\/h1>\n\n\n\n<p><strong>Le Chalumeau &#8211; Luz Fernandez<\/strong>  +33 7 69 38 77 79 lechalumeauprod@gmail.com<\/p>\n\n\n\n<h1 class=\"wp-block-heading collab2\">R\u00e9gie <\/h1>\n\n\n\n<p><strong>Juventud et El Dorado &#8211; Nicolas Zuraw<\/strong> +33 6 50 83 77 81<\/p>\n\n\n\n<p><strong>Copyleft &#8211; Walid EL Yafi<\/strong> +33 7 81 85 48 42<\/p>\n\n\n\n<h1 class=\"wp-block-heading collab2\">Artistique<\/h1>\n\n\n\n<p class=\"has-text-align-left\"><strong>Nicanor de Elia<\/strong> +33 7 69 12 87 80<\/p>\n\n\n\n<h1 class=\"wp-block-heading collab2\">Cr\u00e9dits<\/h1>\n\n\n\n<p class=\"has-text-align-left\"><strong>Photographies<br><\/strong>Page d&#8217;accueil : Francis Rodor, Sylvain Cousin, Manon Rambeau, Chusico, J.-P. Estournet, Bram Van Den Heuvel, V. Muteau, Rosi\u00f1a Rojo, MIT Ribadavia, Marion Ribon. <br>Page <strong>Juventud<\/strong> : Francis Rodor Page <strong>Copyleft<\/strong> : Rosi\u00f1a Rojo, MIT Ribadavia Page<strong> El Dorado<\/strong> : Franck Emmers<\/p>\n\n\n\n<p class=\"has-text-align-left\"><strong>Site internet<br><\/strong>Charlotte Devals <\/p>\n\n\n\n<div style=\"height:100px\" aria-hidden=\"true\" class=\"wp-block-spacer\"><\/div>\n","protected":false},"excerpt":{"rendered":"<p>Newsletter : Si vous d\u00e9sirez vous abonner \u00e0 notre newsletter afin de suivre les actualit\u00e9s de la compagnie, il vous suffit d&#8217;envoyer un mail \u00e0 production@nicanordeelia.com Diffusion &#8211; Production FRANCE et INTERNATIONALproduction@nicanordeelia.com ESPAGNE\/PORTUGAL Mar\u00eda Mari\u00f1o &#8211; Kandengue Arts kandenguearts@gmail.com +34 698147660 Administration Le Chalumeau &#8211; Luz Fernandez +33 7 69 38 77 79 lechalumeauprod@gmail.com R\u00e9gie [&hellip;]<\/p>\n","protected":false},"author":1,"featured_media":0,"parent":0,"menu_order":0,"comment_status":"closed","ping_status":"closed","template":"","meta":{"footnotes":""},"class_list":["post-2721","page","type-page","status-publish","hentry"],"_links":{"self":[{"href":"https:\/\/nicanordeelia.com\/es\/wp-json\/wp\/v2\/pages\/2721","targetHints":{"allow":["GET"]}}],"collection":[{"href":"https:\/\/nicanordeelia.com\/es\/wp-json\/wp\/v2\/pages"}],"about":[{"href":"https:\/\/nicanordeelia.com\/es\/wp-json\/wp\/v2\/types\/page"}],"author":[{"embeddable":true,"href":"https:\/\/nicanordeelia.com\/es\/wp-json\/wp\/v2\/users\/1"}],"replies":[{"embeddable":true,"href":"https:\/\/nicanordeelia.com\/es\/wp-json\/wp\/v2\/comments?post=2721"}],"version-history":[{"count":43,"href":"https:\/\/nicanordeelia.com\/es\/wp-json\/wp\/v2\/pages\/2721\/revisions"}],"predecessor-version":[{"id":522411,"href":"https:\/\/nicanordeelia.com\/es\/wp-json\/wp\/v2\/pages\/2721\/revisions\/522411"}],"wp:attachment":[{"href":"https:\/\/nicanordeelia.com\/es\/wp-json\/wp\/v2\/media?parent=2721"}],"curies":[{"name":"wp","href":"https:\/\/api.w.org\/{rel}","templated":true}]}}