{"id":102,"date":"2020-07-10T09:12:27","date_gmt":"2020-07-10T07:12:27","guid":{"rendered":"http:\/\/nicanordeelia.com\/?page_id=102"},"modified":"2024-10-09T16:33:41","modified_gmt":"2024-10-09T14:33:41","slug":"cie-nicanor-de-elia","status":"publish","type":"page","link":"https:\/\/nicanordeelia.com\/es\/cie-nicanor-de-elia\/","title":{"rendered":"La Cie NDE"},"content":{"rendered":"\n<p>Cr\u00e9\u00e9e et port\u00e9e par le jongleur, danseur, chor\u00e9graphe, p\u00e9dagogue et metteur en sc\u00e8ne Nicanor de Elia, la Cie NDE a vu le jour en 2015 \u00e0 Bruxelles. Aujourd&#8217;hui install\u00e9e \u00e0 Toulouse, R\u00e9gion Occitanie, la recherche port\u00e9e par la compagnie est ax\u00e9e sur l&#8217;expression du corps \u00e0 travers le cirque contemporain et plus pr\u00e9cis\u00e9ment la manipulation d&#8217;objets, la danse contemporaine, les arts plastiques et la vid\u00e9o. Ces diverses influences sont en dialogue constant et les bords s&#8217;effacent afin que le cirque, la danse et les arts plastiques cohabitent. <\/p>\n\n\n\n<p>Les cr\u00e9ations de la Cie NDE sont soutenues par la <a href=\"https:\/\/www.culture.gouv.fr\/Nous-connaitre\/Organisation-du-ministere\/la-direction-generale-de-la-creation-artistique\" data-type=\"link\" data-id=\"https:\/\/www.culture.gouv.fr\/Nous-connaitre\/Organisation-du-ministere\/la-direction-generale-de-la-creation-artistique\">DGCA<\/a>, la <a href=\"http:\/\/www.federation-wallonie-bruxelles.be\/\" target=\"_blank\" rel=\"noreferrer noopener\">F\u00e9d\u00e9ration Wallonie-Bruxelles<\/a>, la <a href=\"https:\/\/www.culture.gouv.fr\/Regions\/Drac-Occitanie\" target=\"_blank\" rel=\"noreferrer noopener\">DRAC Occitanie<\/a>, la <a href=\"https:\/\/www.laregion.fr\/\" target=\"_blank\" rel=\"noreferrer noopener\">R\u00e9gion Occitanie<\/a>, la <a href=\"https:\/\/www.toulouse.fr\/\" target=\"_blank\" rel=\"noreferrer noopener\">Ville de Toulouse<\/a>, le<a href=\"https:\/\/www.haute-garonne.fr\/service\/laction-culturelle-du-departement\" data-type=\"link\" data-id=\"https:\/\/www.haute-garonne.fr\/service\/laction-culturelle-du-departement\"> D\u00e9partement de la Haute Garonne<\/a>, le <a href=\"https:\/\/www.theatregaronne.com\/node\/30\" data-type=\"link\" data-id=\"https:\/\/www.theatregaronne.com\/node\/30\">FONDOC<\/a> et la <a href=\"https:\/\/spedidam.fr\/\" target=\"_blank\" rel=\"noreferrer noopener\">SPEDIDAM<\/a>.<\/p>\n\n\n\n<div class=\"wp-block-columns is-layout-flex wp-container-core-columns-is-layout-9d6595d7 wp-block-columns-is-layout-flex\">\n<div class=\"wp-block-column is-layout-flow wp-block-column-is-layout-flow\">\n<h2 class=\"wp-block-heading has-text-align-center collabH2\"><a href=\"http:\/\/nicanordeelia.com\/copyleft\/\">COPYLEFT<\/a><\/h2>\n\n\n\n<h5 class=\"wp-block-heading has-text-align-center\">SPECTACLE DE JONGLAGE DANS\u00c9 <\/h5>\n\n\n\n<figure class=\"wp-block-embed is-type-video is-provider-youtube wp-block-embed-youtube wp-embed-aspect-16-9 wp-has-aspect-ratio\"><div class=\"wp-block-embed__wrapper\">\n<iframe loading=\"lazy\" title=\"COPYLEFT - teaser officiel - Cie NDE Nicanor de Elia\" width=\"900\" height=\"506\" src=\"https:\/\/www.youtube.com\/embed\/Y0l-V1YwrCY?start=2&#038;feature=oembed\" frameborder=\"0\" allow=\"accelerometer; autoplay; clipboard-write; encrypted-media; gyroscope; picture-in-picture; web-share\" referrerpolicy=\"strict-origin-when-cross-origin\" allowfullscreen><\/iframe>\n<\/div><\/figure>\n\n\n\n<p><em>Mention sp\u00e9ciale : premier prix du meilleur spectacle de rue \u2013\u00a0<a href=\"https:\/\/www.gijon.es\/es\/eventos\/feten-2021\" target=\"_blank\" rel=\"noreferrer noopener\">FETEN Gij\u00f3n \u2013 Xix\u00f3n<\/a>\u00a02022<\/em>*<\/p>\n\n\n\n<p><strong>Cr\u00e9ation 2018<\/strong><\/p>\n\n\n\n<p><em>Copyleft<\/em>&nbsp;est le fruit de trois ans de recherche, m\u00ealant jonglage de groupe, danse et improvisation. Aujourd\u2019hui, m\u00eame s\u2019il est enti\u00e8rement \u00e9crit, ce spectacle laisse aux jongleurs des passages chor\u00e9graphiques qui leur permettent de s\u2019adapter aux diff\u00e9rentes situations et espaces, frayant un chemin \u00e0 l\u2019absurdit\u00e9 et l\u2019humour.<\/p>\n\n\n\n<p><a href=\"http:\/\/nicanordeelia.com\/copyleft\/\">Plus d\u2019informations +<\/a><\/p>\n<\/div>\n\n\n\n<div class=\"wp-block-column is-layout-flow wp-block-column-is-layout-flow\">\n<h2 class=\"wp-block-heading has-text-align-center collabH2\"><a href=\"http:\/\/nicanordeelia.com\/juventud\/\">JUVENTUD<\/a><\/h2>\n\n\n\n<h5 class=\"wp-block-heading has-text-align-center\">                MANIFESTE JONGL\u00c9                          <\/h5>\n\n\n\n<figure class=\"wp-block-embed is-type-video is-provider-youtube wp-block-embed-youtube wp-embed-aspect-16-9 wp-has-aspect-ratio\"><div class=\"wp-block-embed__wrapper\">\n<iframe loading=\"lazy\" title=\"JUVENTUD - Manifeste jongl\u00e9 - teaser officiel - Cie NDE Nicanor de Elia\" width=\"900\" height=\"506\" src=\"https:\/\/www.youtube.com\/embed\/w6r40_MV9uI?start=1&#038;feature=oembed\" frameborder=\"0\" allow=\"accelerometer; autoplay; clipboard-write; encrypted-media; gyroscope; picture-in-picture; web-share\" referrerpolicy=\"strict-origin-when-cross-origin\" allowfullscreen><\/iframe>\n<\/div><\/figure>\n\n\n\n<p><em><em>Prix du jury pour l\u2019innovation \u2013 Festival Mondial du Cirque de Demain 2023 \u2013 extrait de Juventud*<\/em><\/em><\/p>\n\n\n\n<p><strong>Cr\u00e9ation 2021<\/strong><\/p>\n\n\n\n<p>Spectacle de \u00ab danse-jonglage \u00bb qui s\u2019appuie sur la physicalit\u00e9 circassienne pour mettre en danse un groupe de cinq jongleurs,&nbsp;<em>JUVENTUD<\/em>&nbsp;se veut une manifestation progressive de la libert\u00e9 dans le mouvement, dans la circulation, o\u00f9 la beaut\u00e9 ne se cherche pas dans l\u2019ordre et la perfection, mais dans une complexit\u00e9 b\u00e2tarde o\u00f9 l\u2019individuel n\u2019efface pas le groupe \u2013 et inversement.<\/p>\n\n\n\n<p><a href=\"http:\/\/nicanordeelia.com\/juventud\/\">Plus d\u2019informations +<\/a><\/p>\n<\/div>\n\n\n\n<div class=\"wp-block-column is-layout-flow wp-block-column-is-layout-flow\">\n<h2 class=\"wp-block-heading has-text-align-center collabH2\"><a href=\"http:\/\/nicanordeelia.com\/cie-nicanor-de-elia\/el-dorado-creation-2024-2025\/\">EL DORADO<\/a><\/h2>\n\n\n\n<h5 class=\"wp-block-heading has-text-align-center\">MANIPULATION JONGL\u00c9E DES CORPS <\/h5>\n\n\n\n<figure class=\"wp-block-embed is-type-video is-provider-youtube wp-block-embed-youtube wp-embed-aspect-16-9 wp-has-aspect-ratio\"><div class=\"wp-block-embed__wrapper\">\n<iframe loading=\"lazy\" title=\"EL DORADO - teaser officiel - Cie NDE Nicanor de Elia\" width=\"900\" height=\"506\" src=\"https:\/\/www.youtube.com\/embed\/2hYrduzgaFA?start=1&#038;feature=oembed\" frameborder=\"0\" allow=\"accelerometer; autoplay; clipboard-write; encrypted-media; gyroscope; picture-in-picture; web-share\" referrerpolicy=\"strict-origin-when-cross-origin\" allowfullscreen><\/iframe>\n<\/div><\/figure>\n\n\n\n<p><em>Cr\u00e9ation en salle <\/em>&#8211;<em> d\u00e9cembre 2024<\/em><\/p>\n\n\n\n<p><strong>Cr\u00e9ation fin 2024<\/strong><\/p>\n\n\n\n<p>M\u00ealant acrobatie et jonglage, cette cr\u00e9ation s\u2019attache \u00e0 cr\u00e9er une technique chor\u00e9graphique autour de la manipulation jongl\u00e9e des corps. L\u2019intention est de d\u00e9velopper un langage \u00e0 la lisi\u00e8re du cirque et de la danse, en se d\u00e9tachant des objets de jonglage et en faisant du corps m\u00eame des artistes un outil d\u2019expression.<\/p>\n\n\n\n<p><a href=\"http:\/\/nicanordeelia.com\/cie-nicanor-de-elia\/el-dorado-creation-2024-2025\/\">Plus d\u2019informations +<\/a><\/p>\n<\/div>\n<\/div>\n","protected":false},"excerpt":{"rendered":"<p>Cr\u00e9\u00e9e et port\u00e9e par le jongleur, danseur, chor\u00e9graphe, p\u00e9dagogue et metteur en sc\u00e8ne Nicanor de Elia, la Cie NDE a vu le jour en 2015 \u00e0 Bruxelles. Aujourd&#8217;hui install\u00e9e \u00e0 Toulouse, R\u00e9gion Occitanie, la recherche port\u00e9e par la compagnie est ax\u00e9e sur l&#8217;expression du corps \u00e0 travers le cirque contemporain et plus pr\u00e9cis\u00e9ment la manipulation [&hellip;]<\/p>\n","protected":false},"author":1,"featured_media":0,"parent":0,"menu_order":0,"comment_status":"closed","ping_status":"closed","template":"","meta":{"footnotes":""},"class_list":["post-102","page","type-page","status-publish","hentry"],"_links":{"self":[{"href":"https:\/\/nicanordeelia.com\/es\/wp-json\/wp\/v2\/pages\/102","targetHints":{"allow":["GET"]}}],"collection":[{"href":"https:\/\/nicanordeelia.com\/es\/wp-json\/wp\/v2\/pages"}],"about":[{"href":"https:\/\/nicanordeelia.com\/es\/wp-json\/wp\/v2\/types\/page"}],"author":[{"embeddable":true,"href":"https:\/\/nicanordeelia.com\/es\/wp-json\/wp\/v2\/users\/1"}],"replies":[{"embeddable":true,"href":"https:\/\/nicanordeelia.com\/es\/wp-json\/wp\/v2\/comments?post=102"}],"version-history":[{"count":81,"href":"https:\/\/nicanordeelia.com\/es\/wp-json\/wp\/v2\/pages\/102\/revisions"}],"predecessor-version":[{"id":381948,"href":"https:\/\/nicanordeelia.com\/es\/wp-json\/wp\/v2\/pages\/102\/revisions\/381948"}],"wp:attachment":[{"href":"https:\/\/nicanordeelia.com\/es\/wp-json\/wp\/v2\/media?parent=102"}],"curies":[{"name":"wp","href":"https:\/\/api.w.org\/{rel}","templated":true}]}}