{"id":3783,"date":"2020-10-09T10:47:41","date_gmt":"2020-10-09T08:47:41","guid":{"rendered":"http:\/\/nicanordeelia.com\/?page_id=3783"},"modified":"2024-10-09T16:38:36","modified_gmt":"2024-10-09T14:38:36","slug":"copyleft","status":"publish","type":"page","link":"https:\/\/nicanordeelia.com\/en\/copyleft\/","title":{"rendered":"Copyleft"},"content":{"rendered":"\n<p><em>Copyleft<\/em>&nbsp;est le fruit de trois ans de recherche et diff\u00e9rents formats entre dans le&nbsp; jonglage en groupe, la danse et l\u2019improvisation.<br>Aujourd\u2019hui&nbsp;<em>Copyleft<\/em>&nbsp;est un spectacle enti\u00e8rement \u00e9crit m\u00eame s\u2019il reste \u00e0 l\u2019int\u00e9rieur du spectacle des passages chor\u00e9graphiques qui permettent aux jongleurs de pouvoir s\u2019adapter aux diff\u00e9rentes situations que l\u2019espace ou les situations peuvent lui offrir, l\u2019absurdit\u00e9 et l\u2019humour se sont rajout\u00e9s au travail performatique, \u00e0 l\u2019\u00e9criture chor\u00e9graphique et jongl\u00e9.<\/p>\n\n\n\n<p>Cinq jongleurs \u00e0 la d\u00e9gaine sportive se trouvent dans l\u2019espace, l\u2019\u00e9chauffement se fait devant le public. L\u2019ambiance \u00e9voque des ragazzi \u00e0 la Pasolini. La performance commence, les \u00e9vocations au monde du sport se font \u00e9videntes. \u00c0 l\u2019entr\u00e9e des performeurs un hymne \u00e0 l\u2019absurdit\u00e9 retentit et le spectacle peut commencer.<br>Les normes de s\u00e9curit\u00e9 et r\u00e8gles de jeux sont ensuite expliqu\u00e9es au public.<br>La musique commence, un dialogue chor\u00e9graphique et jongl\u00e9 d\u00e9marre, on commence a visualiser les diff\u00e9rents personnalit\u00e9s des interpr\u00e8tes, personnalit\u00e9s et relations qui vont \u00e9voluer tout le long du spectacle.<br><em>Copyleft<\/em>&nbsp;est devenu un tourbillon jongl\u00e9 de 45\u2019 avec les bonnes doses d\u2019humour dans les \u00e9vocations sportives.<\/p>\n\n\n\n<p>Le spectacle parle de l\u2019\u00e9coute du groupe, de l\u2019individu face au groupe, de la vitalit\u00e9 du corps alli\u00e9e \u00e0 la virtuosit\u00e9 du jonglage, en constante \u00e9volution avec la musique.<br>La po\u00e9sie se trouve dans les d\u00e9tails, dans la rencontre entre deux interpr\u00e8tes ou avec un spectateur, dans la perfection d\u2019un geste jongl\u00e9 synchronis\u00e9 avec les accords de la musique.<br>La r\u00e9flexion men\u00e9e autour du corps est \u00e0 mettre en lien avec l\u2019univers du sport o\u00f9 le geste est fonctionnel et vise \u00e0 \u00eatre efficace. Ici, une passe jongl\u00e9e et attrap\u00e9e vient s\u2019inscrire dans le m\u00eame registre que celui du football o\u00f9 l\u2019objectif est de r\u00e9aliser le tir parfait.<br>Dans une proposition esth\u00e9tique minimaliste, le spectacle prend la forme d\u2019un match avec des r\u00e8gles pr\u00e9cises mais o\u00f9 leur interpr\u00e9tation reste libre et improvis\u00e9e. Cette proposition parle notamment de l\u2019obsession du jongleur dans la r\u00e9p\u00e9tition d\u2019un geste transform\u00e9 en diverses variantes. Elle exprime l\u2019infini du m\u00eame dans sa beaut\u00e9 rude et sans artifice.<\/p>\n\n\n\n<div style=\"height:20px\" aria-hidden=\"true\" class=\"wp-block-spacer\"><\/div>\n\n\n\n<h2 class=\"titre2 wp-block-heading\">Distribution<\/h2>\n\n\n\n<p><strong>Direction, mise en sc\u00e8ne et chor\u00e9graphie<\/strong>&nbsp;: Nicanor de Elia<br><strong>Interpr\u00e9tation :<\/strong> Juan Duarte, Lucas Castelo Branco, Nahuel Desanto, Gonzalo Fernandez,&nbsp;Walid El Yafi<br><strong>Conduite musicale : <\/strong>Giovanni di Domenico<\/p>\n\n\n\n<div style=\"height:20px\" aria-hidden=\"true\" class=\"wp-block-spacer\"><\/div>\n\n\n\n<h2 class=\"titre2 wp-block-heading\">Co-productions et accueil en r\u00e9sidence<\/h2>\n\n\n\n<p><a rel=\"noreferrer noopener\" href=\"https:\/\/www.theateropdemarkt.be\" target=\"_blank\">Theater op de Markt &#8211; Dommelhof<\/a> (BE)<br><a rel=\"noreferrer noopener\" href=\"https:\/\/liegetogether.be\" target=\"_blank\">Li\u00e8getogether<\/a> (BE)<br><a rel=\"noreferrer noopener\" href=\"http:\/\/maisondesjonglages.fr\/fr\" target=\"_blank\">Maison des Jonglages<\/a> (FR)<br><a rel=\"noreferrer noopener\" href=\"https:\/\/la-grainerie.net\" target=\"_blank\">La Grainerie<\/a> (FR)<br><a href=\"https:\/\/latitude50.be\" target=\"_blank\" rel=\"noreferrer noopener\">Latitude 50 <\/a>(BE)<br><a href=\"http:\/\/www.garage29-offestival.be\/web\/\" target=\"_blank\" rel=\"noreferrer noopener\">Garage29 <\/a>(BE)<br><a href=\"https:\/\/www.festivalmirabilia.it\/associazione-ideagora\" target=\"_blank\" rel=\"noreferrer noopener\">Mirabilia Festival, Associazione Culturale ideAgor\u00e0<\/a> (IT)<br><a href=\"https:\/\/www.mamimo.it\" target=\"_blank\" rel=\"noreferrer noopener\">Centro Teatrale MaMim\u00f2 \u2013 Festival Dinamico<\/a> (IT)<br>&nbsp;<\/p>\n\n\n\n<figure class=\"wp-block-gallery columns-4 wp-block-gallery-1 is-layout-flex wp-block-gallery-is-layout-flex\"><ul class=\"blocks-gallery-grid\"><li class=\"blocks-gallery-item\"><figure><img loading=\"lazy\" decoding=\"async\" width=\"390\" height=\"320\" src=\"http:\/\/nicanordeelia.com\/wp-content\/uploads\/2020\/10\/LG-Logo.png\" alt=\"\" data-id=\"4728\" data-full-url=\"http:\/\/nicanordeelia.com\/wp-content\/uploads\/2020\/10\/LG-Logo.png\" data-link=\"http:\/\/nicanordeelia.com\/en\/copyleft\/lg-logo\/\" class=\"wp-image-4728\" srcset=\"https:\/\/nicanordeelia.com\/wp-content\/uploads\/2020\/10\/LG-Logo.png 390w, https:\/\/nicanordeelia.com\/wp-content\/uploads\/2020\/10\/LG-Logo-300x246.png 300w\" sizes=\"auto, (max-width: 390px) 100vw, 390px\" \/><\/figure><\/li><li class=\"blocks-gallery-item\"><figure><img loading=\"lazy\" decoding=\"async\" width=\"340\" height=\"340\" src=\"http:\/\/nicanordeelia.com\/wp-content\/uploads\/2020\/10\/Logo-mirabilia-2020.png\" alt=\"\" data-id=\"4729\" data-full-url=\"http:\/\/nicanordeelia.com\/wp-content\/uploads\/2020\/10\/Logo-mirabilia-2020.png\" data-link=\"http:\/\/nicanordeelia.com\/en\/copyleft\/logo-mirabilia-2020\/\" class=\"wp-image-4729\" srcset=\"https:\/\/nicanordeelia.com\/wp-content\/uploads\/2020\/10\/Logo-mirabilia-2020.png 340w, https:\/\/nicanordeelia.com\/wp-content\/uploads\/2020\/10\/Logo-mirabilia-2020-300x300.png 300w, https:\/\/nicanordeelia.com\/wp-content\/uploads\/2020\/10\/Logo-mirabilia-2020-150x150.png 150w\" sizes=\"auto, (max-width: 340px) 100vw, 340px\" \/><\/figure><\/li><li class=\"blocks-gallery-item\"><figure><img loading=\"lazy\" decoding=\"async\" width=\"600\" height=\"399\" src=\"http:\/\/nicanordeelia.com\/wp-content\/uploads\/2020\/10\/logo.jpg\" alt=\"\" data-id=\"4730\" data-full-url=\"http:\/\/nicanordeelia.com\/wp-content\/uploads\/2020\/10\/logo.jpg\" data-link=\"http:\/\/nicanordeelia.com\/en\/copyleft\/logo\/\" class=\"wp-image-4730\" srcset=\"https:\/\/nicanordeelia.com\/wp-content\/uploads\/2020\/10\/logo.jpg 600w, https:\/\/nicanordeelia.com\/wp-content\/uploads\/2020\/10\/logo-300x200.jpg 300w\" sizes=\"auto, (max-width: 600px) 100vw, 600px\" \/><\/figure><\/li><li class=\"blocks-gallery-item\"><figure><img loading=\"lazy\" decoding=\"async\" width=\"133\" height=\"87\" src=\"http:\/\/nicanordeelia.com\/wp-content\/uploads\/2020\/10\/logo5.png\" alt=\"\" data-id=\"4731\" data-full-url=\"http:\/\/nicanordeelia.com\/wp-content\/uploads\/2020\/10\/logo5.png\" data-link=\"http:\/\/nicanordeelia.com\/en\/copyleft\/logo5\/\" class=\"wp-image-4731\"\/><\/figure><\/li><li class=\"blocks-gallery-item\"><figure><img loading=\"lazy\" decoding=\"async\" width=\"234\" height=\"47\" src=\"http:\/\/nicanordeelia.com\/wp-content\/uploads\/2020\/10\/logogarage29.gif\" alt=\"\" data-id=\"4732\" data-full-url=\"http:\/\/nicanordeelia.com\/wp-content\/uploads\/2020\/10\/logogarage29.gif\" data-link=\"http:\/\/nicanordeelia.com\/en\/copyleft\/logogarage29\/\" class=\"wp-image-4732\"\/><\/figure><\/li><li class=\"blocks-gallery-item\"><figure><img loading=\"lazy\" decoding=\"async\" width=\"252\" height=\"102\" src=\"http:\/\/nicanordeelia.com\/wp-content\/uploads\/2020\/10\/xlogo2012_Rouge_Pole3-oc0cq03df2eaw4q4sexxzk6iinn5rtkjvx9h2xtbzw.png.pagespeed.ic_.qhHezo919-.png\" alt=\"\" data-id=\"4733\" data-full-url=\"http:\/\/nicanordeelia.com\/wp-content\/uploads\/2020\/10\/xlogo2012_Rouge_Pole3-oc0cq03df2eaw4q4sexxzk6iinn5rtkjvx9h2xtbzw.png.pagespeed.ic_.qhHezo919-.png\" data-link=\"http:\/\/nicanordeelia.com\/en\/copyleft\/xlogo2012_rouge_pole3-oc0cq03df2eaw4q4sexxzk6iinn5rtkjvx9h2xtbzw-png-pagespeed-ic_-qhhezo919\/\" class=\"wp-image-4733\" srcset=\"https:\/\/nicanordeelia.com\/wp-content\/uploads\/2020\/10\/xlogo2012_Rouge_Pole3-oc0cq03df2eaw4q4sexxzk6iinn5rtkjvx9h2xtbzw.png.pagespeed.ic_.qhHezo919-.png 252w, https:\/\/nicanordeelia.com\/wp-content\/uploads\/2020\/10\/xlogo2012_Rouge_Pole3-oc0cq03df2eaw4q4sexxzk6iinn5rtkjvx9h2xtbzw.png.pagespeed.ic_.qhHezo919--249x102.png 249w\" sizes=\"auto, (max-width: 252px) 100vw, 252px\" \/><\/figure><\/li><li class=\"blocks-gallery-item\"><figure><img loading=\"lazy\" decoding=\"async\" width=\"525\" height=\"232\" src=\"http:\/\/nicanordeelia.com\/wp-content\/uploads\/2020\/10\/liege-together.jpg\" alt=\"\" data-id=\"4737\" data-full-url=\"http:\/\/nicanordeelia.com\/wp-content\/uploads\/2020\/10\/liege-together.jpg\" data-link=\"http:\/\/nicanordeelia.com\/en\/copyleft\/liege-together\/\" class=\"wp-image-4737\" srcset=\"https:\/\/nicanordeelia.com\/wp-content\/uploads\/2020\/10\/liege-together.jpg 525w, https:\/\/nicanordeelia.com\/wp-content\/uploads\/2020\/10\/liege-together-300x133.jpg 300w\" sizes=\"auto, (max-width: 525px) 100vw, 525px\" \/><\/figure><\/li><li class=\"blocks-gallery-item\"><figure><img loading=\"lazy\" decoding=\"async\" width=\"509\" height=\"186\" src=\"http:\/\/nicanordeelia.com\/wp-content\/uploads\/2020\/10\/MaisondesJonglages-Banniere-1.jpg\" alt=\"\" data-id=\"4742\" data-full-url=\"http:\/\/nicanordeelia.com\/wp-content\/uploads\/2020\/10\/MaisondesJonglages-Banniere-1.jpg\" data-link=\"http:\/\/nicanordeelia.com\/en\/copyleft\/maisondesjonglages-banniere-2\/\" class=\"wp-image-4742\" srcset=\"https:\/\/nicanordeelia.com\/wp-content\/uploads\/2020\/10\/MaisondesJonglages-Banniere-1.jpg 509w, https:\/\/nicanordeelia.com\/wp-content\/uploads\/2020\/10\/MaisondesJonglages-Banniere-1-300x110.jpg 300w\" sizes=\"auto, (max-width: 509px) 100vw, 509px\" \/><\/figure><\/li><\/ul><\/figure>\n\n\n\n<div style=\"height:20px\" aria-hidden=\"true\" class=\"wp-block-spacer\"><\/div>\n\n\n\n<h2 class=\"titre2 wp-block-heading\">Revue de presse<\/h2>\n\n\n\n<p><a href=\"https:\/\/cirqencapitale.be\/article\/copyleft-par-nicanor-de-elia\/\" target=\"_blank\" rel=\"noreferrer noopener\">Article de Cirq en capitale. <\/a><\/p>\n\n\n\n<div style=\"height:20px\" aria-hidden=\"true\" class=\"wp-block-spacer\"><\/div>\n\n\n\n<h2 class=\"titre2 wp-block-heading\"><a href=\"http:\/\/nicanordeelia.com\/agenda\/\" data-type=\"page\" data-id=\"392\">Agenda<\/a><\/h2>\n\n\n\n<p><a href=\"http:\/\/nicanordeelia.com\/agenda\/\" data-type=\"page\" data-id=\"392\">Dates et \u00e9v\u00e9nements<\/a><\/p>\n\n\n\n<div style=\"height:20px\" aria-hidden=\"true\" class=\"wp-block-spacer\"><\/div>\n\n\n\n<h2 class=\"titre2 wp-block-heading\">Photos<\/h2>\n\n\n\n<div style=\"height:20px\" aria-hidden=\"true\" class=\"wp-block-spacer\"><\/div>\n\n\n\n<figure class=\"wp-block-gallery columns-3 is-cropped wp-block-gallery-2 is-layout-flex wp-block-gallery-is-layout-flex\"><ul class=\"blocks-gallery-grid\"><li class=\"blocks-gallery-item\"><figure><img loading=\"lazy\" decoding=\"async\" width=\"540\" height=\"360\" src=\"http:\/\/nicanordeelia.com\/wp-content\/uploads\/2020\/10\/copyleftsileks_6_1.jpg\" alt=\"\" data-id=\"4181\" data-full-url=\"http:\/\/nicanordeelia.com\/wp-content\/uploads\/2020\/10\/copyleftsileks_6_1.jpg\" data-link=\"http:\/\/nicanordeelia.com\/copyleft\/copyleftsileks_6_1\/\" class=\"wp-image-4181\" srcset=\"https:\/\/nicanordeelia.com\/wp-content\/uploads\/2020\/10\/copyleftsileks_6_1.jpg 540w, https:\/\/nicanordeelia.com\/wp-content\/uploads\/2020\/10\/copyleftsileks_6_1-300x200.jpg 300w\" sizes=\"auto, (max-width: 540px) 100vw, 540px\" \/><\/figure><\/li><li class=\"blocks-gallery-item\"><figure><img loading=\"lazy\" decoding=\"async\" width=\"540\" height=\"360\" src=\"http:\/\/nicanordeelia.com\/wp-content\/uploads\/2020\/10\/metamorphoses_yser_sg-hd-c_studio7-87.jpg\" alt=\"\" data-id=\"4182\" data-full-url=\"http:\/\/nicanordeelia.com\/wp-content\/uploads\/2020\/10\/metamorphoses_yser_sg-hd-c_studio7-87.jpg\" data-link=\"http:\/\/nicanordeelia.com\/copyleft\/metamorphoses_yser_sg-hd-c_studio7-87\/\" class=\"wp-image-4182\" srcset=\"https:\/\/nicanordeelia.com\/wp-content\/uploads\/2020\/10\/metamorphoses_yser_sg-hd-c_studio7-87.jpg 540w, https:\/\/nicanordeelia.com\/wp-content\/uploads\/2020\/10\/metamorphoses_yser_sg-hd-c_studio7-87-300x200.jpg 300w\" sizes=\"auto, (max-width: 540px) 100vw, 540px\" \/><\/figure><\/li><li class=\"blocks-gallery-item\"><figure><img loading=\"lazy\" decoding=\"async\" width=\"540\" height=\"360\" src=\"http:\/\/nicanordeelia.com\/wp-content\/uploads\/2020\/10\/metamorphoses_yser_sg-hd-c_studio7-94.jpg\" alt=\"\" data-id=\"4184\" data-full-url=\"http:\/\/nicanordeelia.com\/wp-content\/uploads\/2020\/10\/metamorphoses_yser_sg-hd-c_studio7-94.jpg\" data-link=\"http:\/\/nicanordeelia.com\/copyleft\/metamorphoses_yser_sg-hd-c_studio7-94\/\" class=\"wp-image-4184\" srcset=\"https:\/\/nicanordeelia.com\/wp-content\/uploads\/2020\/10\/metamorphoses_yser_sg-hd-c_studio7-94.jpg 540w, https:\/\/nicanordeelia.com\/wp-content\/uploads\/2020\/10\/metamorphoses_yser_sg-hd-c_studio7-94-300x200.jpg 300w\" sizes=\"auto, (max-width: 540px) 100vw, 540px\" \/><\/figure><\/li><li class=\"blocks-gallery-item\"><figure><img loading=\"lazy\" decoding=\"async\" width=\"540\" height=\"360\" src=\"http:\/\/nicanordeelia.com\/wp-content\/uploads\/2020\/10\/susanachicotrengo_5_0.jpg\" alt=\"\" data-id=\"4185\" data-full-url=\"http:\/\/nicanordeelia.com\/wp-content\/uploads\/2020\/10\/susanachicotrengo_5_0.jpg\" data-link=\"http:\/\/nicanordeelia.com\/copyleft\/susanachicotrengo_5_0\/\" class=\"wp-image-4185\" srcset=\"https:\/\/nicanordeelia.com\/wp-content\/uploads\/2020\/10\/susanachicotrengo_5_0.jpg 540w, https:\/\/nicanordeelia.com\/wp-content\/uploads\/2020\/10\/susanachicotrengo_5_0-300x200.jpg 300w\" sizes=\"auto, (max-width: 540px) 100vw, 540px\" \/><\/figure><\/li><li class=\"blocks-gallery-item\"><figure><img loading=\"lazy\" decoding=\"async\" width=\"540\" height=\"360\" src=\"http:\/\/nicanordeelia.com\/wp-content\/uploads\/2020\/10\/susanachicotrengo_23_0.jpg\" alt=\"\" data-id=\"4187\" data-full-url=\"http:\/\/nicanordeelia.com\/wp-content\/uploads\/2020\/10\/susanachicotrengo_23_0.jpg\" data-link=\"http:\/\/nicanordeelia.com\/copyleft\/susanachicotrengo_23_0\/\" class=\"wp-image-4187\" srcset=\"https:\/\/nicanordeelia.com\/wp-content\/uploads\/2020\/10\/susanachicotrengo_23_0.jpg 540w, https:\/\/nicanordeelia.com\/wp-content\/uploads\/2020\/10\/susanachicotrengo_23_0-300x200.jpg 300w\" sizes=\"auto, (max-width: 540px) 100vw, 540px\" \/><\/figure><\/li><li class=\"blocks-gallery-item\"><figure><img loading=\"lazy\" decoding=\"async\" width=\"540\" height=\"360\" src=\"http:\/\/nicanordeelia.com\/wp-content\/uploads\/2020\/10\/susanachicotrengo_45.jpg\" alt=\"\" data-id=\"4188\" data-full-url=\"http:\/\/nicanordeelia.com\/wp-content\/uploads\/2020\/10\/susanachicotrengo_45.jpg\" data-link=\"http:\/\/nicanordeelia.com\/copyleft\/susanachicotrengo_45\/\" class=\"wp-image-4188\" srcset=\"https:\/\/nicanordeelia.com\/wp-content\/uploads\/2020\/10\/susanachicotrengo_45.jpg 540w, https:\/\/nicanordeelia.com\/wp-content\/uploads\/2020\/10\/susanachicotrengo_45-300x200.jpg 300w\" sizes=\"auto, (max-width: 540px) 100vw, 540px\" \/><\/figure><\/li><li class=\"blocks-gallery-item\"><figure><img loading=\"lazy\" decoding=\"async\" width=\"554\" height=\"360\" src=\"http:\/\/nicanordeelia.com\/wp-content\/uploads\/2020\/10\/susanachicotrengo_52_0.jpg\" alt=\"\" data-id=\"4190\" data-full-url=\"http:\/\/nicanordeelia.com\/wp-content\/uploads\/2020\/10\/susanachicotrengo_52_0.jpg\" data-link=\"http:\/\/nicanordeelia.com\/copyleft\/susanachicotrengo_52_0\/\" class=\"wp-image-4190\" srcset=\"https:\/\/nicanordeelia.com\/wp-content\/uploads\/2020\/10\/susanachicotrengo_52_0.jpg 554w, https:\/\/nicanordeelia.com\/wp-content\/uploads\/2020\/10\/susanachicotrengo_52_0-300x195.jpg 300w\" sizes=\"auto, (max-width: 554px) 100vw, 554px\" \/><\/figure><\/li><li class=\"blocks-gallery-item\"><figure><img loading=\"lazy\" decoding=\"async\" width=\"540\" height=\"360\" src=\"http:\/\/nicanordeelia.com\/wp-content\/uploads\/2020\/10\/susanachicotrengo_72_0.jpg\" alt=\"\" data-id=\"4191\" data-full-url=\"http:\/\/nicanordeelia.com\/wp-content\/uploads\/2020\/10\/susanachicotrengo_72_0.jpg\" data-link=\"http:\/\/nicanordeelia.com\/copyleft\/susanachicotrengo_72_0\/\" class=\"wp-image-4191\" srcset=\"https:\/\/nicanordeelia.com\/wp-content\/uploads\/2020\/10\/susanachicotrengo_72_0.jpg 540w, https:\/\/nicanordeelia.com\/wp-content\/uploads\/2020\/10\/susanachicotrengo_72_0-300x200.jpg 300w\" sizes=\"auto, (max-width: 540px) 100vw, 540px\" \/><\/figure><\/li><\/ul><\/figure>\n\n\n\n<div style=\"height:100px\" aria-hidden=\"true\" class=\"wp-block-spacer\"><\/div>\n\n\n\n<p><\/p>\n","protected":false},"excerpt":{"rendered":"<p>Copyleft&nbsp;est le fruit de trois ans de recherche et diff\u00e9rents formats entre dans le&nbsp; jonglage en groupe, la danse et l\u2019improvisation.Aujourd\u2019hui&nbsp;Copyleft&nbsp;est un spectacle enti\u00e8rement \u00e9crit m\u00eame s\u2019il reste \u00e0 l\u2019int\u00e9rieur du spectacle des passages chor\u00e9graphiques qui permettent aux jongleurs de pouvoir s\u2019adapter aux diff\u00e9rentes situations que l\u2019espace ou les situations peuvent lui offrir, l\u2019absurdit\u00e9 et [&hellip;]<\/p>\n","protected":false},"author":1,"featured_media":0,"parent":0,"menu_order":0,"comment_status":"closed","ping_status":"closed","template":"","meta":{"footnotes":""},"class_list":["post-3783","page","type-page","status-publish","hentry"],"_links":{"self":[{"href":"https:\/\/nicanordeelia.com\/en\/wp-json\/wp\/v2\/pages\/3783","targetHints":{"allow":["GET"]}}],"collection":[{"href":"https:\/\/nicanordeelia.com\/en\/wp-json\/wp\/v2\/pages"}],"about":[{"href":"https:\/\/nicanordeelia.com\/en\/wp-json\/wp\/v2\/types\/page"}],"author":[{"embeddable":true,"href":"https:\/\/nicanordeelia.com\/en\/wp-json\/wp\/v2\/users\/1"}],"replies":[{"embeddable":true,"href":"https:\/\/nicanordeelia.com\/en\/wp-json\/wp\/v2\/comments?post=3783"}],"version-history":[{"count":50,"href":"https:\/\/nicanordeelia.com\/en\/wp-json\/wp\/v2\/pages\/3783\/revisions"}],"predecessor-version":[{"id":381962,"href":"https:\/\/nicanordeelia.com\/en\/wp-json\/wp\/v2\/pages\/3783\/revisions\/381962"}],"wp:attachment":[{"href":"https:\/\/nicanordeelia.com\/en\/wp-json\/wp\/v2\/media?parent=3783"}],"curies":[{"name":"wp","href":"https:\/\/api.w.org\/{rel}","templated":true}]}}